{"id":961,"date":"2022-04-03T18:24:37","date_gmt":"2022-04-03T21:24:37","guid":{"rendered":"https:\/\/institutotherapy.com.br\/site\/?post_type=product&#038;p=961"},"modified":"2024-11-06T20:46:00","modified_gmt":"2024-11-06T23:46:00","slug":"thera-lase-surgery","status":"publish","type":"product","link":"https:\/\/institutotherapy.com.br\/site\/product\/thera-lase-surgery\/","title":{"rendered":"Thera Lase Surgery"},"content":{"rendered":"<h5><em><b>Registro ANVISA 80030810165<\/b><\/em><\/h5>\n<p><span style=\"font-weight: 400;\">O Thera Lase Surgery possui as seguintes fun\u00e7\u00f5es:<\/span><\/p>\n<p><span style=\"font-weight: 400;\">\u2013 Emite luz laser infravermelha de alta pot\u00eancia (at\u00e9 9,0 W), utilizada em cirurgia;<\/span><\/p>\n<p><span style=\"font-weight: 400;\">\u2013 Emite luz laser infravermelha de baixa pot\u00eancia (100 mW), utilizada em laserterapia (odontologia e fisioterapia).<\/span><\/p>\n<p>&nbsp;<\/p>\n<h3><b>Itens que Acompanham o Produto<\/b><\/h3>\n<ul>\n<li style=\"font-weight: 400;\" aria-level=\"1\"><span style=\"font-weight: 400;\">01 unidade de comando<\/span><\/li>\n<li style=\"font-weight: 400;\" aria-level=\"1\"><span style=\"font-weight: 400;\">01 fonte de alimenta\u00e7\u00e3o<\/span><\/li>\n<li style=\"font-weight: 400;\" aria-level=\"1\"><span style=\"font-weight: 400;\">01 cabo de alimenta\u00e7\u00e3o<\/span><\/li>\n<li style=\"font-weight: 400;\" aria-level=\"1\"><span style=\"font-weight: 400;\">02 \u00f3culos de prote\u00e7\u00e3o (assistente e paciente)<\/span><\/li>\n<li style=\"font-weight: 400;\" aria-level=\"1\"><span style=\"font-weight: 400;\">01 \u00f3culos de prote\u00e7\u00e3o (operador)<\/span><\/li>\n<\/ul>\n<ul>\n<li style=\"font-weight: 400;\" aria-level=\"1\"><span style=\"font-weight: 400;\">01 conector de intertravamento remoto<\/span><\/li>\n<li style=\"font-weight: 400;\" aria-level=\"1\"><span style=\"font-weight: 400;\">01 maleta para transporte<\/span><\/li>\n<li style=\"font-weight: 400;\" aria-level=\"1\"><span style=\"font-weight: 400;\">01 pedal<\/span><\/li>\n<li style=\"font-weight: 400;\" aria-level=\"1\"><span style=\"font-weight: 400;\">01 termo de garantia<\/span><\/li>\n<\/ul>\n<h3><\/h3>\n<h3><b>Especifica\u00e7\u00f5es<\/b><\/h3>\n<ul>\n<li style=\"font-weight: 400;\" aria-level=\"1\"><span style=\"font-weight: 400;\">Tens\u00e3o de Alimenta\u00e7\u00e3o<\/span><span style=\"font-weight: 400;\"><br \/>\n<\/span><span style=\"font-weight: 400;\">90 \u2013 240 V~<\/span><\/li>\n<li style=\"font-weight: 400;\" aria-level=\"1\"><span style=\"font-weight: 400;\">Peso da unidade de comando<\/span><span style=\"font-weight: 400;\"><br \/>\n<\/span><span style=\"font-weight: 400;\">1,6 kg<\/span><\/li>\n<li style=\"font-weight: 400;\" aria-level=\"1\"><span style=\"font-weight: 400;\">Peso da fonte de alimenta\u00e7\u00e3o<\/span><span style=\"font-weight: 400;\"><br \/>\n<\/span><span style=\"font-weight: 400;\">0,300 kg<\/span><\/li>\n<li style=\"font-weight: 400;\" aria-level=\"1\"><span style=\"font-weight: 400;\">Peso do pedal<\/span><span style=\"font-weight: 400;\"><br \/>\n<\/span><span style=\"font-weight: 400;\">0,8 kg<\/span><\/li>\n<li style=\"font-weight: 400;\" aria-level=\"1\"><span style=\"font-weight: 400;\">Dimens\u00f5es da unidade de comando<\/span><span style=\"font-weight: 400;\"><br \/>\n<\/span><span style=\"font-weight: 400;\">20,4cm (A) x 22,2cm (L) x 12,6cm (P)<\/span><\/li>\n<li style=\"font-weight: 400;\" aria-level=\"1\"><span style=\"font-weight: 400;\">Dimens\u00e3o do pedal<\/span><span style=\"font-weight: 400;\"><br \/>\n<\/span><span style=\"font-weight: 400;\">3,6cm (A) x 14,3cm (L) x 13,5cm (P)<\/span><\/li>\n<\/ul>\n<ul>\n<li style=\"font-weight: 400;\" aria-level=\"1\"><span style=\"font-weight: 400;\">Dimens\u00e3o da fonte de alimenta\u00e7\u00e3o<\/span><span style=\"font-weight: 400;\"><br \/>\n<\/span><span style=\"font-weight: 400;\">3,2cm (A) x 5cm (L) x 12,4 (P)<\/span><\/li>\n<li style=\"font-weight: 400;\" aria-level=\"1\"><span style=\"font-weight: 400;\">Comprimento de onda<\/span><span style=\"font-weight: 400;\"><br \/>\n<\/span><span style=\"font-weight: 400;\">980 nm \u00b1 20 nm<\/span><\/li>\n<li style=\"font-weight: 400;\" aria-level=\"1\"><span style=\"font-weight: 400;\">Pot\u00eancia \u00fatil<\/span><span style=\"font-weight: 400;\"><br \/>\n<\/span><span style=\"font-weight: 400;\">9 W \u00b1 20%<\/span><\/li>\n<li style=\"font-weight: 400;\" aria-level=\"1\"><span style=\"font-weight: 400;\">Exposi\u00e7\u00e3o Pulso \u00danico<\/span><span style=\"font-weight: 400;\"><br \/>\n<\/span><span style=\"font-weight: 400;\">uma exposi\u00e7\u00e3o de laser com dura\u00e7\u00e3o ajust\u00e1vel (5,0ms \u2013 5,0s)<\/span><\/li>\n<\/ul>\n<p><span style=\"font-weight: 400;\">Exposi\u00e7\u00e3o repetitiva<\/span><span style=\"font-weight: 400;\"><br \/>\n<\/span><span style=\"font-weight: 400;\">dura\u00e7\u00e3o 05 \u2013 95ms, repeti\u00e7\u00e3o 10 \u2013 100ms, frequ\u00eancia: 10,0 &#8211; 100,0Hz (pps)<\/span><\/p>\n","protected":false},"excerpt":{"rendered":"<h3><span style=\"font-weight: 400;\">O <strong>Thera Lase Surgery<\/strong> possui as fun\u00e7\u00f5es de emitir luz laser infravermelha de alta pot\u00eancia (at\u00e9 4,5W), utilizada em cirurgia e luz laser infravermelha de baixa pot\u00eancia (100mW), utilizada em laserterapia (odontologia, fisioterapia e medicina geral).<\/span><\/h3>\n","protected":false},"featured_media":965,"comment_status":"open","ping_status":"closed","template":"","meta":[],"product_cat":[18],"product_tag":[],"class_list":{"0":"post-961","1":"product","2":"type-product","3":"status-publish","4":"has-post-thumbnail","5":"hentry","6":"product_cat-produtos-dmc","8":"entry","9":"has-media","10":"owp-thumbs-layout-horizontal","11":"owp-btn-normal","12":"owp-tabs-layout-horizontal","13":"has-no-thumbnails"},"_links":{"self":[{"href":"https:\/\/institutotherapy.com.br\/site\/wp-json\/wp\/v2\/product\/961","targetHints":{"allow":["GET"]}}],"collection":[{"href":"https:\/\/institutotherapy.com.br\/site\/wp-json\/wp\/v2\/product"}],"about":[{"href":"https:\/\/institutotherapy.com.br\/site\/wp-json\/wp\/v2\/types\/product"}],"replies":[{"embeddable":true,"href":"https:\/\/institutotherapy.com.br\/site\/wp-json\/wp\/v2\/comments?post=961"}],"wp:featuredmedia":[{"embeddable":true,"href":"https:\/\/institutotherapy.com.br\/site\/wp-json\/wp\/v2\/media\/965"}],"wp:attachment":[{"href":"https:\/\/institutotherapy.com.br\/site\/wp-json\/wp\/v2\/media?parent=961"}],"wp:term":[{"taxonomy":"product_cat","embeddable":true,"href":"https:\/\/institutotherapy.com.br\/site\/wp-json\/wp\/v2\/product_cat?post=961"},{"taxonomy":"product_tag","embeddable":true,"href":"https:\/\/institutotherapy.com.br\/site\/wp-json\/wp\/v2\/product_tag?post=961"}],"curies":[{"name":"wp","href":"https:\/\/api.w.org\/{rel}","templated":true}]}}