{"id":937,"date":"2022-04-03T18:17:13","date_gmt":"2022-04-03T21:17:13","guid":{"rendered":"https:\/\/institutotherapy.com.br\/site\/?post_type=product&#038;p=937"},"modified":"2024-11-06T20:40:48","modified_gmt":"2024-11-06T23:40:48","slug":"elite-duo","status":"publish","type":"product","link":"https:\/\/institutotherapy.com.br\/site\/product\/elite-duo\/","title":{"rendered":"Elite Duo"},"content":{"rendered":"<p><em><span style=\"font-weight: 400;\">\u00a0<\/span><b>Registro ANVISA 80030810155<\/b><\/em><\/p>\n<p><span style=\"font-weight: 400;\">O Elite Duo \u00e9 indicado para o tratamento de acne, manchas na pele, olheiras, marcas de express\u00e3o, rejuvenescimento facial, hidrata\u00e7\u00e3o dos tecidos faciais, ilumina\u00e7\u00e3o facial, clareamento facial, efeito reparador do col\u00e1geno , clareamento dental e colagem de braquetes.<\/span><\/p>\n<p><span style=\"font-weight: 400;\">O equipamento possui duas pe\u00e7as de m\u00e3o. Uma pe\u00e7a de m\u00e3o emite luz laser vermelha, luz LED azul e luz LED violeta. A segunda pe\u00e7a de m\u00e3o emite luz laser infravermelha e luz LED \u00e2mbar.<\/span><\/p>\n<p><span style=\"font-weight: 400;\">A luz vermelha aumenta o metabolismo mitocondrial, otimizando a s\u00edntese de ATP intracelular e biomodulando o processo inflamat\u00f3rio (acelera\u00e7\u00e3o da regenera\u00e7\u00e3o tecidual).<\/span><\/p>\n<p><span style=\"font-weight: 400;\">A luz violeta \u00e9 absorvida na pele, pela oxihemoglobina, flavoprote\u00ednas e oxidases terminais, sendo estes respons\u00e1veis pela gera\u00e7\u00e3o do oxig\u00eanio molecular, com efeito bactericida contra microorganismos anaer\u00f3bicos, melhorando a satura\u00e7\u00e3o de oxig\u00eanio local e otimizando o metabolismo daquelas c\u00e9lulas encontradas em est\u00e1gios de potencial redox alterado (processos inflamat\u00f3rios, por exemplo). A energia dos el\u00e9trons do espectro do violeta, o credencia a respostas superiores quando comparado ao espectro do azul.<\/span><\/p>\n<p><span style=\"font-weight: 400;\">A luz azul interage na pele com um crom\u00f3foro chamado porfirina que, por sua vez, ao ser estimulado fornece energia para mol\u00e9culas de per\u00f3xido de hidrog\u00eanio, as quais se degradam em subprodutos, fornecendo hidrata\u00e7\u00e3o local (H2O), a\u00e7\u00e3o bactericida em microorganismos com porfirina intracelular (OH) e menor absor\u00e7\u00e3o de luz vis\u00edvel (OH), promovendo assim um efeito de clareamento da pele.<\/span><\/p>\n<p><span style=\"font-weight: 400;\">A luz infravermelha interage com a membrana celular, alterando sua permeabilidade e estimulando a troca de nutrientes, entre os quais a absor\u00e7\u00e3o de amino\u00e1cidos, bem como o transporte de impulso nervoso.<\/span><\/p>\n<p><span style=\"font-weight: 400;\">A luz \u00e2mbar \u00e9 absorvida, na c\u00e9lula, pela organela riboss\u00f4mica que, por sua vez, \u00e9 excitada, tendo um aumento do seu metabolismo, levando a uma otimiza\u00e7\u00e3o da s\u00edntese da cadeia de amino\u00e1cidos. Quando associada \u00e0 luz infravermelha, sua incr\u00edvel capacidade de estimular a s\u00edntese de col\u00e1geno aumenta significativamente.<\/span><\/p>\n<h3>Itens que Acompanham o Produto<\/h3>\n<ul>\n<li style=\"font-weight: 400;\" aria-level=\"1\"><span style=\"font-weight: 400;\">01 cabo de alimenta\u00e7\u00e3o<\/span><\/li>\n<li style=\"font-weight: 400;\" aria-level=\"1\"><span style=\"font-weight: 400;\">02 \u00f3culos de prote\u00e7\u00e3o<\/span><\/li>\n<li style=\"font-weight: 400;\" aria-level=\"1\"><span style=\"font-weight: 400;\">01 protetor ocular<\/span><\/li>\n<\/ul>\n<ul>\n<li style=\"font-weight: 400;\" aria-level=\"1\"><span style=\"font-weight: 400;\">02 fus\u00edveis extra<\/span><\/li>\n<li style=\"font-weight: 400;\" aria-level=\"1\"><span style=\"font-weight: 400;\">01 termo de garantia<\/span><\/li>\n<li style=\"font-weight: 400;\" aria-level=\"1\"><span style=\"font-weight: 400;\">01 maleta para transporte<\/span><\/li>\n<\/ul>\n<h3><\/h3>\n<h3>Especifica\u00e7\u00f5es<\/h3>\n<ul>\n<li style=\"font-weight: 400;\" aria-level=\"1\"><span style=\"font-weight: 400;\">Tens\u00e3o de Alimenta\u00e7\u00e3o<\/span><span style=\"font-weight: 400;\"><br \/>\n<\/span><span style=\"font-weight: 400;\">90 \u2013 240 V~<\/span><\/li>\n<li style=\"font-weight: 400;\" aria-level=\"1\"><span style=\"font-weight: 400;\">Peso<\/span><span style=\"font-weight: 400;\"><br \/>\n<\/span><span style=\"font-weight: 400;\">3,00 Kg<\/span><\/li>\n<li style=\"font-weight: 400;\" aria-level=\"1\"><span style=\"font-weight: 400;\">Dimens\u00f5es<\/span><span style=\"font-weight: 400;\"><br \/>\n<\/span><span style=\"font-weight: 400;\">11cm (P) x 25cm (L) x 22cm (A)<\/span><\/li>\n<li style=\"font-weight: 400;\" aria-level=\"1\"><span style=\"font-weight: 400;\">Comprimento de onda laser vermelho<\/span><span style=\"font-weight: 400;\"><br \/>\n<\/span><span style=\"font-weight: 400;\">660 nm \u00b1 10 nm<\/span><\/li>\n<li style=\"font-weight: 400;\" aria-level=\"1\"><span style=\"font-weight: 400;\">Pot\u00eancia \u00fatil emissor laser vermelho<\/span><span style=\"font-weight: 400;\"><br \/>\n<\/span><span style=\"font-weight: 400;\">100 mW \u00b1 20%<\/span><\/li>\n<li style=\"font-weight: 400;\" aria-level=\"1\"><span style=\"font-weight: 400;\">Pot\u00eancia \u00fatil emissor laser infravermelho<\/span><span style=\"font-weight: 400;\"><br \/>\n<\/span><span style=\"font-weight: 400;\">100 mW \u00b1 20%<\/span><\/li>\n<li style=\"font-weight: 400;\" aria-level=\"1\"><span style=\"font-weight: 400;\">Comprimento de onda laser infravermelho<\/span><span style=\"font-weight: 400;\"><br \/>\n<\/span><span style=\"font-weight: 400;\">808 nm \u00b1 10 nm<\/span><\/li>\n<\/ul>\n<ul>\n<li style=\"font-weight: 400;\" aria-level=\"1\"><span style=\"font-weight: 400;\">Comprimento de onda led azul<\/span><span style=\"font-weight: 400;\"><br \/>\n<\/span><span style=\"font-weight: 400;\">450 nm \u00b1 10 nm<\/span><\/li>\n<li style=\"font-weight: 400;\" aria-level=\"1\"><span style=\"font-weight: 400;\">Emiss\u00e3o m\u00e1xima do led azul<\/span><span style=\"font-weight: 400;\"><br \/>\n<\/span><span style=\"font-weight: 400;\">700 mW \u00b1 20%<\/span><\/li>\n<li style=\"font-weight: 400;\" aria-level=\"1\"><span style=\"font-weight: 400;\">Comprimento de onda led violeta<\/span><span style=\"font-weight: 400;\"><br \/>\n<\/span><span style=\"font-weight: 400;\">405 nm \u00b1 10 nm<\/span><\/li>\n<li style=\"font-weight: 400;\" aria-level=\"1\"><span style=\"font-weight: 400;\">Emiss\u00e3o m\u00e1xima do led violeta<\/span><span style=\"font-weight: 400;\"><br \/>\n<\/span><span style=\"font-weight: 400;\">600 mW \u00b1 20%<\/span><\/li>\n<li style=\"font-weight: 400;\" aria-level=\"1\"><span style=\"font-weight: 400;\">Emiss\u00e3o m\u00e1xima do led \u00e2mbar<\/span><span style=\"font-weight: 400;\"><br \/>\n<\/span><span style=\"font-weight: 400;\">48 lm \u00b1 20%<\/span><\/li>\n<\/ul>\n<p><span style=\"font-weight: 400;\">Comprimento de onda led \u00e2mbar<\/span><span style=\"font-weight: 400;\"><br \/>\n<\/span><span style=\"font-weight: 400;\">590 nm \u00b1 10 nm<\/span><\/p>\n","protected":false},"excerpt":{"rendered":"<h3><span style=\"font-weight: 400;\"><strong>Elite Duo<\/strong> \u00e9 indicado para o tratamento de acne, manchas na pele, olheiras, marcas de express\u00e3o, rejuvenescimento facial, hidrata\u00e7\u00e3o dos tecidos faciais, ilumina\u00e7\u00e3o facial, clareamento facial, efeito reparador do col\u00e1geno , clareamento dental e colagem de braquetes.<\/span><\/h3>\n<h3><span style=\"font-weight: 400;\">O equipamento possui duas pe\u00e7as de m\u00e3o. Uma pe\u00e7a de m\u00e3o emite luz laser vermelha, luz LED azul e luz LED violeta. A segunda pe\u00e7a de m\u00e3o emite luz laser infravermelha e luz LED \u00e2mbar.<\/span><\/h3>\n","protected":false},"featured_media":957,"comment_status":"open","ping_status":"closed","template":"","meta":[],"product_cat":[18,44,41,46,48,49,42,43,47,45],"product_tag":[],"class_list":{"0":"post-937","1":"product","2":"type-product","3":"status-publish","4":"has-post-thumbnail","5":"hentry","6":"product_cat-produtos-dmc","7":"product_cat-enfermagem","8":"product_cat-estetica","9":"product_cat-fisioterapia","10":"product_cat-fonaudiologa","11":"product_cat-laserpuntura","12":"product_cat-medicina","13":"product_cat-odontologia","14":"product_cat-podologia","15":"product_cat-veterinaria","17":"entry","18":"has-media","19":"owp-thumbs-layout-horizontal","20":"owp-btn-normal","21":"owp-tabs-layout-horizontal","22":"has-no-thumbnails"},"_links":{"self":[{"href":"https:\/\/institutotherapy.com.br\/site\/wp-json\/wp\/v2\/product\/937","targetHints":{"allow":["GET"]}}],"collection":[{"href":"https:\/\/institutotherapy.com.br\/site\/wp-json\/wp\/v2\/product"}],"about":[{"href":"https:\/\/institutotherapy.com.br\/site\/wp-json\/wp\/v2\/types\/product"}],"replies":[{"embeddable":true,"href":"https:\/\/institutotherapy.com.br\/site\/wp-json\/wp\/v2\/comments?post=937"}],"wp:featuredmedia":[{"embeddable":true,"href":"https:\/\/institutotherapy.com.br\/site\/wp-json\/wp\/v2\/media\/957"}],"wp:attachment":[{"href":"https:\/\/institutotherapy.com.br\/site\/wp-json\/wp\/v2\/media?parent=937"}],"wp:term":[{"taxonomy":"product_cat","embeddable":true,"href":"https:\/\/institutotherapy.com.br\/site\/wp-json\/wp\/v2\/product_cat?post=937"},{"taxonomy":"product_tag","embeddable":true,"href":"https:\/\/institutotherapy.com.br\/site\/wp-json\/wp\/v2\/product_tag?post=937"}],"curies":[{"name":"wp","href":"https:\/\/api.w.org\/{rel}","templated":true}]}}