{"id":934,"date":"2022-04-03T17:39:39","date_gmt":"2022-04-03T20:39:39","guid":{"rendered":"https:\/\/institutotherapy.com.br\/site\/?post_type=product&#038;p=934"},"modified":"2024-11-06T20:45:29","modified_gmt":"2024-11-06T23:45:29","slug":"photon-lase","status":"publish","type":"product","link":"https:\/\/institutotherapy.com.br\/site\/product\/photon-lase\/","title":{"rendered":"Photon Lase"},"content":{"rendered":"<h5><em><b>Registro ANVISA 80030810160<\/b><\/em><\/h5>\n<p><span style=\"font-weight: 400;\">O Photon Lase possui as seguintes fun\u00e7\u00f5es:<\/span><\/p>\n<p><span style=\"font-weight: 400;\">\u2013 Biomodula\u00e7\u00e3o<\/span><\/p>\n<p><span style=\"font-weight: 400;\">Emiss\u00e3o de laseres infravermelho (808 nm) e vermelho (660 nm) nas finalidades anti-inflamat\u00f3rias, cicatrizantes e analg\u00e9sicas. Este equipamento possui o modo assistido, o qual ilustra algumas patologias com suas doses m\u00ednimas e m\u00e1ximas aplic\u00e1veis.<\/span><\/p>\n<p><span style=\"font-weight: 400;\">\u2013 Terapia Fotodin\u00e2mica (PDT)<\/span><\/p>\n<p><span style=\"font-weight: 400;\">A terapia fotodin\u00e2mica (PDT) consiste na aplica\u00e7\u00e3o do laser vermelho (660 nm) associado com um agente fotossensibilizante (azul metileno), o qual possui a\u00e7\u00e3o bactericida.<\/span><\/p>\n<p><span style=\"font-weight: 400;\">Sua principal fun\u00e7\u00e3o \u00e9 emitir luz laser com comprimento de onda de 660nm (laser vermelho) e 810nm (laser infravermelho).<\/span><\/p>\n<h3><b>Itens que Acompanham o Produto<\/b><\/h3>\n<ul>\n<li style=\"font-weight: 400;\" aria-level=\"1\"><span style=\"font-weight: 400;\">03 \u00f3culos de prote\u00e7\u00e3o<\/span><\/li>\n<li style=\"font-weight: 400;\" aria-level=\"1\"><span style=\"font-weight: 400;\">01 maleta para Transporte<\/span><\/li>\n<li style=\"font-weight: 400;\" aria-level=\"1\"><span style=\"font-weight: 400;\">01 cabo A\/C<\/span><\/li>\n<\/ul>\n<ul>\n<li style=\"font-weight: 400;\" aria-level=\"1\"><span style=\"font-weight: 400;\">02 fus\u00edveis extras<\/span><\/li>\n<li style=\"font-weight: 400;\" aria-level=\"1\"><span style=\"font-weight: 400;\">01 espa\u00e7ador<\/span><\/li>\n<li style=\"font-weight: 400;\" aria-level=\"1\"><span style=\"font-weight: 400;\">01 termo de garantia<\/span><\/li>\n<\/ul>\n<h3><\/h3>\n<h3><b>Especifica\u00e7\u00f5es<\/b><\/h3>\n<ul>\n<li style=\"font-weight: 400;\" aria-level=\"1\"><span style=\"font-weight: 400;\">Tens\u00e3o de Alimenta\u00e7\u00e3o<\/span><span style=\"font-weight: 400;\"><br \/>\n<\/span><span style=\"font-weight: 400;\">100 \u2013 240 V~<\/span><\/li>\n<li style=\"font-weight: 400;\" aria-level=\"1\"><span style=\"font-weight: 400;\">Frequ\u00eancia de Alimenta\u00e7\u00e3o<\/span><span style=\"font-weight: 400;\"><br \/>\n<\/span><span style=\"font-weight: 400;\">50\/60 Hz<\/span><\/li>\n<li style=\"font-weight: 400;\" aria-level=\"1\"><span style=\"font-weight: 400;\">Peso<\/span><span style=\"font-weight: 400;\"><br \/>\n<\/span><span style=\"font-weight: 400;\">2,2 Kg<\/span><\/li>\n<li style=\"font-weight: 400;\" aria-level=\"1\"><span style=\"font-weight: 400;\">Dimens\u00e3o<\/span><span style=\"font-weight: 400;\"><br \/>\n<\/span><span style=\"font-weight: 400;\">36cm (L) x 22cm (P) x 22cm (A)<\/span><\/li>\n<\/ul>\n<ul>\n<li style=\"font-weight: 400;\" aria-level=\"1\"><span style=\"font-weight: 400;\">Comprimento de onda laser vermelho<\/span><span style=\"font-weight: 400;\"><br \/>\n<\/span><span style=\"font-weight: 400;\">660 nm \u00b1 10 nm<\/span><\/li>\n<li style=\"font-weight: 400;\" aria-level=\"1\"><span style=\"font-weight: 400;\">Pot\u00eancia \u00fatil emissor laser vermelho<\/span><span style=\"font-weight: 400;\"><br \/>\n<\/span><span style=\"font-weight: 400;\">100 mW \u00b1 20%<\/span><\/li>\n<li style=\"font-weight: 400;\" aria-level=\"1\"><span style=\"font-weight: 400;\">Comprimento de onda laser infravermelho<\/span><span style=\"font-weight: 400;\"><br \/>\n<\/span><span style=\"font-weight: 400;\">808 nm \u00b1 10 nm<\/span><\/li>\n<li style=\"font-weight: 400;\" aria-level=\"1\"><span style=\"font-weight: 400;\">Bateria<\/span><span style=\"font-weight: 400;\"><br \/>\n<\/span><span style=\"font-weight: 400;\">808 nm \u00b1 10 nm<\/span><\/li>\n<\/ul>\n<p><span style=\"font-weight: 400;\">Pot\u00eancia \u00fatil emissor laser infravermelho<\/span><span style=\"font-weight: 400;\"><br \/>\n<\/span><span style=\"font-weight: 400;\">100 mW \u00b1 20%<\/span><\/p>\n","protected":false},"excerpt":{"rendered":"<h3><span style=\"font-weight: 400;\">O <strong>Photon Lase<\/strong> pode ser utilizado para Biomodula\u00e7\u00e3o e Terapia Fotodin\u00e2mica (PDT)<\/span><\/h3>\n<h3><span style=\"font-weight: 400;\">Sua principal fun\u00e7\u00e3o \u00e9 emitir luz laser com comprimento de onda de 660nm (laser vermelho) e 810nm (laser infravermelho).<\/span><\/h3>\n","protected":false},"featured_media":936,"comment_status":"open","ping_status":"closed","template":"","meta":[],"product_cat":[18,44,41,46,48,49,42,43,47,45],"product_tag":[],"class_list":{"0":"post-934","1":"product","2":"type-product","3":"status-publish","4":"has-post-thumbnail","5":"hentry","6":"product_cat-produtos-dmc","7":"product_cat-enfermagem","8":"product_cat-estetica","9":"product_cat-fisioterapia","10":"product_cat-fonaudiologa","11":"product_cat-laserpuntura","12":"product_cat-medicina","13":"product_cat-odontologia","14":"product_cat-podologia","15":"product_cat-veterinaria","17":"entry","18":"has-media","19":"owp-thumbs-layout-horizontal","20":"owp-btn-normal","21":"owp-tabs-layout-horizontal","22":"has-no-thumbnails"},"_links":{"self":[{"href":"https:\/\/institutotherapy.com.br\/site\/wp-json\/wp\/v2\/product\/934","targetHints":{"allow":["GET"]}}],"collection":[{"href":"https:\/\/institutotherapy.com.br\/site\/wp-json\/wp\/v2\/product"}],"about":[{"href":"https:\/\/institutotherapy.com.br\/site\/wp-json\/wp\/v2\/types\/product"}],"replies":[{"embeddable":true,"href":"https:\/\/institutotherapy.com.br\/site\/wp-json\/wp\/v2\/comments?post=934"}],"wp:featuredmedia":[{"embeddable":true,"href":"https:\/\/institutotherapy.com.br\/site\/wp-json\/wp\/v2\/media\/936"}],"wp:attachment":[{"href":"https:\/\/institutotherapy.com.br\/site\/wp-json\/wp\/v2\/media?parent=934"}],"wp:term":[{"taxonomy":"product_cat","embeddable":true,"href":"https:\/\/institutotherapy.com.br\/site\/wp-json\/wp\/v2\/product_cat?post=934"},{"taxonomy":"product_tag","embeddable":true,"href":"https:\/\/institutotherapy.com.br\/site\/wp-json\/wp\/v2\/product_tag?post=934"}],"curies":[{"name":"wp","href":"https:\/\/api.w.org\/{rel}","templated":true}]}}