{"id":923,"date":"2022-04-03T17:23:47","date_gmt":"2022-04-03T20:23:47","guid":{"rendered":"https:\/\/institutotherapy.com.br\/site\/?post_type=product&#038;p=923"},"modified":"2024-11-06T20:27:48","modified_gmt":"2024-11-06T23:27:48","slug":"whitening-premium","status":"publish","type":"product","link":"https:\/\/institutotherapy.com.br\/site\/product\/whitening-premium\/","title":{"rendered":"Whitening Premium"},"content":{"rendered":"<h5><b>Registro ANVISA 80030810160<\/b><\/h5>\n<p><span style=\"font-weight: 400;\">O Whitening Premium possui as seguintes fun\u00e7\u00f5es:<\/span><\/p>\n<h3><strong>\u2013 Biomodula\u00e7\u00e3o<\/strong><\/h3>\n<p><span style=\"font-weight: 400;\">Emiss\u00e3o de laseres infravermelho (808 nm) e vermelho (660 nm) nas finalidades anti-inflamat\u00f3rias, cicatrizantes e analg\u00e9sicas. Este equipamento possui o modo assistido, o qual ilustra algumas patologias com suas doses m\u00ednimas e m\u00e1ximas aplic\u00e1veis.<\/span><\/p>\n<h3><strong>\u2013 Clareamento Dental<\/strong><\/h3>\n<p><span style=\"font-weight: 400;\">Possui o clareamento dental fotoassistido com luz LED azul (450 nm) e luz LED violeta (405 nm), para ativa\u00e7\u00e3o do gel de clareamento dental, e laseres infravermelhos (808 nm), para diminui\u00e7\u00e3o da hipersensibilidade dentin\u00e1ria.<\/span><\/p>\n<h3><strong>\u2013 Terapia Fotodin\u00e2mica (PDT)<\/strong><\/h3>\n<p><span style=\"font-weight: 400;\">A terapia fotodin\u00e2mica (PDT) consiste na aplica\u00e7\u00e3o do laser vermelho (660 nm) associado com um agente fotossensibilizante (azul metileno), o qual possui a\u00e7\u00e3o antibactericida.<\/span><\/p>\n","protected":false},"excerpt":{"rendered":"<h3><span style=\"font-weight: 400;\">O <strong>Whitening Premium DMC<\/strong> possui no mesmo equipamento as fun\u00e7\u00f5es Laserterapia (LASER Vermelho e Infravermelho), Laserterapia Sist\u00eamica \u2013 ILIB, Terapia Fotodin\u00e2mica \u2013 PDT e Clareamento Dental Fotoacelerado por LED Azul ou Violeta.<\/span><\/h3>\n","protected":false},"featured_media":924,"comment_status":"open","ping_status":"closed","template":"","meta":[],"product_cat":[18,44,41,46,48,49,42,43,47,45],"product_tag":[],"class_list":{"0":"post-923","1":"product","2":"type-product","3":"status-publish","4":"has-post-thumbnail","5":"hentry","6":"product_cat-produtos-dmc","7":"product_cat-enfermagem","8":"product_cat-estetica","9":"product_cat-fisioterapia","10":"product_cat-fonaudiologa","11":"product_cat-laserpuntura","12":"product_cat-medicina","13":"product_cat-odontologia","14":"product_cat-podologia","15":"product_cat-veterinaria","17":"entry","18":"has-media","19":"owp-thumbs-layout-horizontal","20":"owp-btn-normal","21":"owp-tabs-layout-horizontal","22":"has-no-thumbnails"},"_links":{"self":[{"href":"https:\/\/institutotherapy.com.br\/site\/wp-json\/wp\/v2\/product\/923","targetHints":{"allow":["GET"]}}],"collection":[{"href":"https:\/\/institutotherapy.com.br\/site\/wp-json\/wp\/v2\/product"}],"about":[{"href":"https:\/\/institutotherapy.com.br\/site\/wp-json\/wp\/v2\/types\/product"}],"replies":[{"embeddable":true,"href":"https:\/\/institutotherapy.com.br\/site\/wp-json\/wp\/v2\/comments?post=923"}],"wp:featuredmedia":[{"embeddable":true,"href":"https:\/\/institutotherapy.com.br\/site\/wp-json\/wp\/v2\/media\/924"}],"wp:attachment":[{"href":"https:\/\/institutotherapy.com.br\/site\/wp-json\/wp\/v2\/media?parent=923"}],"wp:term":[{"taxonomy":"product_cat","embeddable":true,"href":"https:\/\/institutotherapy.com.br\/site\/wp-json\/wp\/v2\/product_cat?post=923"},{"taxonomy":"product_tag","embeddable":true,"href":"https:\/\/institutotherapy.com.br\/site\/wp-json\/wp\/v2\/product_tag?post=923"}],"curies":[{"name":"wp","href":"https:\/\/api.w.org\/{rel}","templated":true}]}}