{"id":919,"date":"2022-04-03T17:20:18","date_gmt":"2022-04-03T20:20:18","guid":{"rendered":"https:\/\/institutotherapy.com.br\/site\/?post_type=product&#038;p=919"},"modified":"2024-11-06T20:40:21","modified_gmt":"2024-11-06T23:40:21","slug":"whitening-plus","status":"publish","type":"product","link":"https:\/\/institutotherapy.com.br\/site\/product\/whitening-plus\/","title":{"rendered":"Whitening Plus"},"content":{"rendered":"<h5><em><b>Registro ANVISA 80030810159 CE CE<\/b><\/em><\/h5>\n<p><span style=\"font-weight: 400;\">O equipamento Whitening Plus possui a fun\u00e7\u00e3o de clareamento dental.<\/span><\/p>\n<p><span style=\"font-weight: 400;\">Este possui uma pe\u00e7a de m\u00e3o com 3 diodos laser infravermelhos, 6 LEDs azuis (450 nm) e 6 LEDs violetas (405 nm). A luz laser infravermelha diminui a sensibilidade do clareamento dental e ativa o gel clareador por meio de aquecimento. As luzes LED azul (450 nm) e violeta (405 nm) ativam o gel clareador atrav\u00e9s da intera\u00e7\u00e3o com o corante.<\/span><\/p>\n<h3>Itens que Acompanham o Produto<\/h3>\n<ul>\n<li style=\"font-weight: 400;\" aria-level=\"1\"><span style=\"font-weight: 400;\">01 maleta para transporte<\/span><\/li>\n<li style=\"font-weight: 400;\" aria-level=\"1\"><span style=\"font-weight: 400;\">03 \u00f3culos de prote\u00e7\u00e3o<\/span><\/li>\n<li style=\"font-weight: 400;\" aria-level=\"1\"><span style=\"font-weight: 400;\">01 cabo de alimenta\u00e7\u00e3o<\/span><\/li>\n<\/ul>\n<ul>\n<li style=\"font-weight: 400;\" aria-level=\"1\"><span style=\"font-weight: 400;\">01 suporte da pe\u00e7a de m\u00e3o<\/span><\/li>\n<li style=\"font-weight: 400;\" aria-level=\"1\"><span style=\"font-weight: 400;\">02 fus\u00edveis extras<\/span><\/li>\n<li style=\"font-weight: 400;\" aria-level=\"1\"><span style=\"font-weight: 400;\">01 termo de garantia<\/span><\/li>\n<\/ul>\n<h3><\/h3>\n<h3><b>Especifica\u00e7\u00f5es<\/b><\/h3>\n<ul>\n<li style=\"font-weight: 400;\" aria-level=\"1\"><span style=\"font-weight: 400;\">Tens\u00e3o de Alimenta\u00e7\u00e3o<\/span><span style=\"font-weight: 400;\"><br \/>\n<\/span><span style=\"font-weight: 400;\">90 \u2013 240 V~<\/span><\/li>\n<li style=\"font-weight: 400;\" aria-level=\"1\"><span style=\"font-weight: 400;\">Peso da pe\u00e7a de m\u00e3o<\/span><span style=\"font-weight: 400;\"><br \/>\n<\/span><span style=\"font-weight: 400;\">0,500 Kg<\/span><\/li>\n<li style=\"font-weight: 400;\" aria-level=\"1\"><span style=\"font-weight: 400;\">Dimens\u00e3o da pe\u00e7a de m\u00e3o<\/span><span style=\"font-weight: 400;\"><br \/>\n<\/span><span style=\"font-weight: 400;\">18cm (P) x 9cm (L) x 7cm (A)<\/span><\/li>\n<li style=\"font-weight: 400;\" aria-level=\"1\"><span style=\"font-weight: 400;\">Dimens\u00e3o da fonte de alimenta\u00e7\u00e3o<\/span><span style=\"font-weight: 400;\"><br \/>\n<\/span><span style=\"font-weight: 400;\">8cm (P) x 12cm (L) x 4,5cm (A)<\/span><\/li>\n<li style=\"font-weight: 400;\" aria-level=\"1\"><span style=\"font-weight: 400;\">Comprimento de onda laser infravermelho<\/span><span style=\"font-weight: 400;\"><br \/>\n<\/span><span style=\"font-weight: 400;\">808 nm \u00b1 10 nm<\/span><\/li>\n<\/ul>\n<ul>\n<li style=\"font-weight: 400;\" aria-level=\"1\"><span style=\"font-weight: 400;\">Pot\u00eancia \u00fatil emissor laser infravermelho<\/span><span style=\"font-weight: 400;\"><br \/>\n<\/span><span style=\"font-weight: 400;\">100 mW \u00b1 20 %<\/span><\/li>\n<li style=\"font-weight: 400;\" aria-level=\"1\"><span style=\"font-weight: 400;\">Comprimento de onda led azul<\/span><span style=\"font-weight: 400;\"><br \/>\n<\/span><span style=\"font-weight: 400;\">450 nm \u00b1 10 nm<\/span><\/li>\n<li style=\"font-weight: 400;\" aria-level=\"1\"><span style=\"font-weight: 400;\">Pot\u00eancia \u00fatil de cada led azul<\/span><span style=\"font-weight: 400;\"><br \/>\n<\/span><span style=\"font-weight: 400;\">390 mW \u00b1 20%<\/span><\/li>\n<li style=\"font-weight: 400;\" aria-level=\"1\"><span style=\"font-weight: 400;\">Comprimento de onda led violeta<\/span><span style=\"font-weight: 400;\"><br \/>\n<\/span><span style=\"font-weight: 400;\">405 nm \u00b1 5 nm<\/span><\/li>\n<\/ul>\n<p><span style=\"font-weight: 400;\">Pot\u00eancia \u00fatil de cada led violeta<\/span><span style=\"font-weight: 400;\"><br \/>\n<\/span><span style=\"font-weight: 400;\">375 mW \u00b1 20%<\/span><\/p>\n","protected":false},"excerpt":{"rendered":"<h3><span style=\"font-weight: 400;\">O equipamento<strong> Whitening Plus<\/strong> possui a fun\u00e7\u00e3o de clareamento dental.<\/span><\/h3>\n<h3><span style=\"font-weight: 400;\">Este possui uma pe\u00e7a de m\u00e3o com 3 diodos laser infravermelhos, 6 LEDs azuis (450 nm) e 6 LEDs violetas (405 nm). A luz laser infravermelha diminui a sensibilidade do clareamento dental e ativa o gel clareador por meio de aquecimento. As luzes LED azul (450 nm) e violeta (405 nm) ativam o gel clareador atrav\u00e9s da intera\u00e7\u00e3o com o corante.<\/span><\/h3>\n","protected":false},"featured_media":926,"comment_status":"open","ping_status":"closed","template":"","meta":[],"product_cat":[18],"product_tag":[],"class_list":{"0":"post-919","1":"product","2":"type-product","3":"status-publish","4":"has-post-thumbnail","5":"hentry","6":"product_cat-produtos-dmc","8":"entry","9":"has-media","10":"owp-thumbs-layout-horizontal","11":"owp-btn-normal","12":"owp-tabs-layout-horizontal","13":"has-no-thumbnails"},"_links":{"self":[{"href":"https:\/\/institutotherapy.com.br\/site\/wp-json\/wp\/v2\/product\/919","targetHints":{"allow":["GET"]}}],"collection":[{"href":"https:\/\/institutotherapy.com.br\/site\/wp-json\/wp\/v2\/product"}],"about":[{"href":"https:\/\/institutotherapy.com.br\/site\/wp-json\/wp\/v2\/types\/product"}],"replies":[{"embeddable":true,"href":"https:\/\/institutotherapy.com.br\/site\/wp-json\/wp\/v2\/comments?post=919"}],"wp:featuredmedia":[{"embeddable":true,"href":"https:\/\/institutotherapy.com.br\/site\/wp-json\/wp\/v2\/media\/926"}],"wp:attachment":[{"href":"https:\/\/institutotherapy.com.br\/site\/wp-json\/wp\/v2\/media?parent=919"}],"wp:term":[{"taxonomy":"product_cat","embeddable":true,"href":"https:\/\/institutotherapy.com.br\/site\/wp-json\/wp\/v2\/product_cat?post=919"},{"taxonomy":"product_tag","embeddable":true,"href":"https:\/\/institutotherapy.com.br\/site\/wp-json\/wp\/v2\/product_tag?post=919"}],"curies":[{"name":"wp","href":"https:\/\/api.w.org\/{rel}","templated":true}]}}