{"id":901,"date":"2022-04-03T17:01:41","date_gmt":"2022-04-03T20:01:41","guid":{"rendered":"https:\/\/institutotherapy.com.br\/site\/?post_type=product&#038;p=901"},"modified":"2024-11-06T20:46:25","modified_gmt":"2024-11-06T23:46:25","slug":"fotopolimerizador-d2000","status":"publish","type":"product","link":"https:\/\/institutotherapy.com.br\/site\/product\/fotopolimerizador-d2000\/","title":{"rendered":"Fotopolimerizador D2000"},"content":{"rendered":"<h5><strong>Registro ANVISA 80030810094<\/strong><\/h5>\n<p><span style=\"font-weight: 400;\">O Fotopolimerizador \u2013 D2000 e o D-2000X emitem luz azul, por meio de um LED com comprimento de onda entre 430 nm \u2013 490 nm.<\/span><\/p>\n<p><span style=\"font-weight: 400;\">Estes s\u00e3o indicados para curar (polimerizar) materiais fotopolimeriz\u00e1veis, tais como resinas utilizadas em restaura\u00e7\u00f5es odontol\u00f3gicas, selantes para fissuras e micro buracos, agentes ligantes (colas), \u201cprimers de ades\u00e3o\u201d, etc, os quais s\u00e3o aplicados em restaura\u00e7\u00f5es funcionais ou cosm\u00e9ticas.<\/span><\/p>\n<p><span style=\"font-weight: 400;\">No equipamento Fotopolimerizador D-2000X, o suporte da pe\u00e7a de m\u00e3o possui um medidor de pot\u00eancia por \u00e1rea. Esta \u00e9 a caracter\u00edstica que o difere do equipamento Fotopolimerizado D-2000.<\/span><\/p>\n<h3><strong>Itens que Acompanham o Produto<\/strong><\/h3>\n<ul>\n<li style=\"font-weight: 400;\" aria-level=\"1\"><span style=\"font-weight: 400;\">01 pe\u00e7a de m\u00e3o<\/span><\/li>\n<li style=\"font-weight: 400;\" aria-level=\"1\"><span style=\"font-weight: 400;\">01 suporte da pe\u00e7a de m\u00e3o<\/span><\/li>\n<li style=\"font-weight: 400;\" aria-level=\"1\"><span style=\"font-weight: 400;\">01 fonte de alimenta\u00e7\u00e3o<\/span><\/li>\n<li style=\"font-weight: 400;\" aria-level=\"1\"><span style=\"font-weight: 400;\">01 protetor ocular<\/span><\/li>\n<\/ul>\n<ul>\n<li style=\"font-weight: 400;\" aria-level=\"1\"><span style=\"font-weight: 400;\">01 termo de garantia<\/span><\/li>\n<li style=\"font-weight: 400;\" aria-level=\"1\"><span style=\"font-weight: 400;\">01 cabo de alimenta\u00e7\u00e3o<\/span><\/li>\n<li style=\"font-weight: 400;\" aria-level=\"1\"><span style=\"font-weight: 400;\">01 sonda<\/span><\/li>\n<\/ul>\n<h3><\/h3>\n<h3><strong>Especifica\u00e7\u00f5es<\/strong><\/h3>\n<ul>\n<li style=\"font-weight: 400;\" aria-level=\"1\"><span style=\"font-weight: 400;\">Tens\u00e3o de Alimenta\u00e7\u00e3o<\/span><span style=\"font-weight: 400;\"><br \/>\n<\/span><span style=\"font-weight: 400;\">90 \u2013 240 V~<\/span><\/li>\n<li style=\"font-weight: 400;\" aria-level=\"1\"><span style=\"font-weight: 400;\">Peso<\/span><span style=\"font-weight: 400;\"><br \/>\n<\/span><span style=\"font-weight: 400;\">0,300 Kg<\/span><\/li>\n<li style=\"font-weight: 400;\" aria-level=\"1\"><span style=\"font-weight: 400;\">Dimens\u00f5es<\/span><span style=\"font-weight: 400;\"><br \/>\n<\/span><span style=\"font-weight: 400;\">3cm (L) x 5cm (P) x 21cm (A)<\/span><\/li>\n<li style=\"font-weight: 400;\" aria-level=\"1\"><span style=\"font-weight: 400;\">Bateria<\/span><span style=\"font-weight: 400;\"><br \/>\n<\/span><span style=\"font-weight: 400;\">Li-\u00edon<\/span><\/li>\n<\/ul>\n<ul>\n<li style=\"font-weight: 400;\" aria-level=\"1\"><span style=\"font-weight: 400;\">Dura\u00e7\u00e3o da Bateria<\/span><span style=\"font-weight: 400;\"><br \/>\n<\/span><span style=\"font-weight: 400;\">1 hora de aplica\u00e7\u00e3o ininterrupta<\/span><\/li>\n<li style=\"font-weight: 400;\" aria-level=\"1\"><span style=\"font-weight: 400;\">Comprimento de onda do led azul<\/span><span style=\"font-weight: 400;\"><br \/>\n<\/span><span style=\"font-weight: 400;\">430 nm &#8211; 490 nm<\/span><\/li>\n<li style=\"font-weight: 400;\" aria-level=\"1\"><span style=\"font-weight: 400;\">Irradi\u00e2ncia<\/span><span style=\"font-weight: 400;\"><br \/>\n<\/span><span style=\"font-weight: 400;\">900 mW\/cm2 \u2013 1100 mW\/cm2<\/span><\/li>\n<\/ul>\n<p><span style=\"font-weight: 400;\">Modos de Opera\u00e7\u00e3o<\/span><span style=\"font-weight: 400;\"><br \/>\n<\/span><span style=\"font-weight: 400;\">Cont\u00ednuo, Pulsado e Rampa<\/span><\/p>\n","protected":false},"excerpt":{"rendered":"<h3><span style=\"font-weight: 400;\">O <strong>D-2000<\/strong> emite luz azul, por meio de um LED com comprimento de onda entre 430 nm \u2013 490 nm.<\/span><\/h3>\n<h3><span style=\"font-weight: 400;\">Indicado para curar (polimerizar) materiais fotopolimeriz\u00e1veis, tais como resinas utilizadas em restaura\u00e7\u00f5es odontol\u00f3gicas, selantes para fissuras e micro buracos, agentes ligantes (colas), \u201cprimers de ades\u00e3o\u201d, etc, os quais s\u00e3o aplicados em restaura\u00e7\u00f5es funcionais ou cosm\u00e9ticas.<\/span><\/h3>\n","protected":false},"featured_media":912,"comment_status":"open","ping_status":"closed","template":"","meta":[],"product_cat":[18],"product_tag":[],"class_list":{"0":"post-901","1":"product","2":"type-product","3":"status-publish","4":"has-post-thumbnail","5":"hentry","6":"product_cat-produtos-dmc","8":"entry","9":"has-media","10":"owp-thumbs-layout-horizontal","11":"owp-btn-normal","12":"owp-tabs-layout-horizontal","13":"has-no-thumbnails"},"_links":{"self":[{"href":"https:\/\/institutotherapy.com.br\/site\/wp-json\/wp\/v2\/product\/901","targetHints":{"allow":["GET"]}}],"collection":[{"href":"https:\/\/institutotherapy.com.br\/site\/wp-json\/wp\/v2\/product"}],"about":[{"href":"https:\/\/institutotherapy.com.br\/site\/wp-json\/wp\/v2\/types\/product"}],"replies":[{"embeddable":true,"href":"https:\/\/institutotherapy.com.br\/site\/wp-json\/wp\/v2\/comments?post=901"}],"wp:featuredmedia":[{"embeddable":true,"href":"https:\/\/institutotherapy.com.br\/site\/wp-json\/wp\/v2\/media\/912"}],"wp:attachment":[{"href":"https:\/\/institutotherapy.com.br\/site\/wp-json\/wp\/v2\/media?parent=901"}],"wp:term":[{"taxonomy":"product_cat","embeddable":true,"href":"https:\/\/institutotherapy.com.br\/site\/wp-json\/wp\/v2\/product_cat?post=901"},{"taxonomy":"product_tag","embeddable":true,"href":"https:\/\/institutotherapy.com.br\/site\/wp-json\/wp\/v2\/product_tag?post=901"}],"curies":[{"name":"wp","href":"https:\/\/api.w.org\/{rel}","templated":true}]}}