{"id":890,"date":"2022-04-03T15:50:41","date_gmt":"2022-04-03T18:50:41","guid":{"rendered":"https:\/\/institutotherapy.com.br\/site\/?post_type=product&#038;p=890"},"modified":"2024-11-07T12:51:48","modified_gmt":"2024-11-07T15:51:48","slug":"e-light-10-emissores-led-laser","status":"publish","type":"product","link":"https:\/\/institutotherapy.com.br\/site\/product\/e-light-10-emissores-led-laser\/","title":{"rendered":"E-Light \u2013 10 emissores LED + LASER"},"content":{"rendered":"<h5><em><b>Registro ANVISA\u00a0<\/b><\/em><\/h5>\n<p>A primeira fam\u00edlia de clusters sem fio do Brasil!<\/p>\n<p>A fam\u00edlia de equipamentos e-light \u00e9 fabricada com a mais alta tecnologia, obedecendo \u00e0s mais recentes normas de fabrica\u00e7\u00e3o nacionais exigidas pela ANVISA \u2013 Ag\u00eancia Nacional de Vigil\u00e2ncia Sanit\u00e1ria.<\/p>\n<p>A fam\u00edlia de equipamentos e-light foi desenvolvida para ser utilizada por m\u00e9dicos, biom\u00e9dicos, fisioterapeutas, esteticistas de n\u00edvel t\u00e9cnico e de gradua\u00e7\u00e3o, enfermeiros, cirurgi\u00f5es-dentistas, acupunturistas, pod\u00f3logos, fonoaudi\u00f3logos, farmac\u00eauticos e tatuadores. O profissional deve estar qualificado para a aplica\u00e7\u00e3o das t\u00e9cnicas relacionadas ao produto. A utiliza\u00e7\u00e3o inadequada poder\u00e1 acarretar danos irrevers\u00edveis.<\/p>\n<p>O e-light deve ser utilizado para auxiliar no tratamento das indica\u00e7\u00f5es abaixo:<\/p>\n<p>Laser\/LED Vermelho e Infravermelho:<\/p>\n<p>Reparo tecidual (cut\u00e2neo, tend\u00edneo, muscular, neural e \u00f3sseo);<\/p>\n<p>Modula\u00e7\u00e3o do processo inflamat\u00f3rio;<\/p>\n<p>Analgesia (dor aguda e cr\u00f4nica).<\/p>\n<p>Laser\/LED Vermelho:<\/p>\n<p>Terapia Fotodin\u00e2mica Antimicrobiana (aPDT): desinfec\u00e7\u00e3o\/cicatriza\u00e7\u00e3o atrav\u00e9s de processos fotoqu\u00edmicos com libera\u00e7\u00e3o de esp\u00e9cies reativas de oxig\u00eanio.<\/p>\n<p>Espectro luz LED Azul\/Violeta:<\/p>\n<p>Efeito bactericida: excita\u00e7\u00e3o da porfirina por absor\u00e7\u00e3o de luz.<\/p>\n<p>Luz LED \u00c2mbar:<\/p>\n<p>Reparo tecidual.<\/p>\n<p>Espectro luz LED Azul\/Violeta e luz Laser\/LED vermelha:<\/p>\n<p>Efeito bactericida e modula\u00e7\u00e3o do processo inflamat\u00f3rio: excita\u00e7\u00e3o da porfirina por absor\u00e7\u00e3o de luz espectro azul\/violeta.<\/p>\n<p>Espectro luz LED Azul\/Violeta e luz Laser\/LED infravermelha:<\/p>\n<p>Modula\u00e7\u00e3o do processo inflamat\u00f3rio e aumento do fluxo sangu\u00edneo local: a luz do espectro azul\/ violeta auxilia no tratamento de inflama\u00e7\u00f5es atrav\u00e9s da inibi\u00e7\u00e3o da produ\u00e7\u00e3o da citocina pr\u00f3-inflamat\u00f3ria e a luz infravermelha aumenta a circula\u00e7\u00e3o sangu\u00ednea.<\/p>\n<h3><b>Itens que Acompanham o Produto<\/b><\/h3>\n<ul>\n<li aria-level=\"1\">01 suporte da pe\u00e7a de m\u00e3o<\/li>\n<\/ul>\n<ul>\n<li aria-level=\"1\">01 cabo de alimenta\u00e7\u00e3o<\/li>\n<\/ul>\n<ul>\n<li aria-level=\"1\">01 carregador<\/li>\n<\/ul>\n<ul>\n<li aria-level=\"1\">01 maleta para transporte<\/li>\n<\/ul>\n<ul>\n<li aria-level=\"1\">02 \u00f3culos de prote\u00e7\u00e3o<\/li>\n<\/ul>\n<ul>\n<li aria-level=\"1\">01 tampa de prote\u00e7\u00e3o<\/li>\n<\/ul>\n<ul>\n<li aria-level=\"1\">01 termo de garantia<\/li>\n<\/ul>\n<h3><\/h3>\n<h3><b>Especifica\u00e7\u00f5es<\/b><\/h3>\n<ul>\n<li aria-level=\"1\"><span style=\"font-weight: 400;\">Tens\u00e3o de Alimenta\u00e7\u00e3o<\/span><span style=\"font-weight: 400;\"><br \/>\n<\/span><b>100-240 V~<\/b><\/li>\n<\/ul>\n<ul>\n<li aria-level=\"1\"><span style=\"font-weight: 400;\">Pot\u00eancia de entrada (carregador)<\/span><span style=\"font-weight: 400;\"><br \/>\n<\/span><b>35 VA<\/b><\/li>\n<\/ul>\n<ul>\n<li aria-level=\"1\"><span style=\"font-weight: 400;\">Modo de opera\u00e7\u00e3o<\/span><span style=\"font-weight: 400;\"><br \/>\n<\/span><b>Cont\u00ednuo<\/b><\/li>\n<\/ul>\n<ul>\n<li aria-level=\"1\"><span style=\"font-weight: 400;\">Frequ\u00eancia de alimenta\u00e7\u00e3o<\/span><span style=\"font-weight: 400;\"><br \/>\n<\/span><b>50\/60 Hz<\/b><\/li>\n<\/ul>\n<ul>\n<li aria-level=\"1\"><span style=\"font-weight: 400;\">Tipo de Corrente<\/span><span style=\"font-weight: 400;\"><br \/>\n<\/span><b>Corrente alternada<\/b><\/li>\n<\/ul>\n<ul>\n<li aria-level=\"1\"><span style=\"font-weight: 400;\">Bateria<\/span><span style=\"font-weight: 400;\"><br \/>\n<\/span><b>Li-\u00edon 3,7 V, recarreg\u00e1vel, com circuito de prote\u00e7\u00e3o<\/b><\/li>\n<\/ul>\n<ul>\n<li aria-level=\"1\"><span style=\"font-weight: 400;\">Prote\u00e7\u00e3o quanto a choque el\u00e9trico<\/span><span style=\"font-weight: 400;\"><br \/>\n<\/span><b>Classe II e Energizado Internamente<\/b><\/li>\n<\/ul>\n<ul>\n<li aria-level=\"1\"><span style=\"font-weight: 400;\">Modo de opera\u00e7\u00e3o<\/span><span style=\"font-weight: 400;\"><br \/>\n<\/span><b>Opera\u00e7\u00e3o cont\u00ednua<\/b><\/li>\n<\/ul>\n<ul>\n<li aria-level=\"1\"><span style=\"font-weight: 400;\">Incerteza do tempo (segundos)<\/span><span style=\"font-weight: 400;\"><br \/>\n<\/span><b>\u00b1 4%<\/b><\/li>\n<\/ul>\n<ul>\n<li aria-level=\"1\"><span style=\"font-weight: 400;\">Incerteza da energia (Joules)<\/span><span style=\"font-weight: 400;\"><br \/>\n<\/span><b>\u00b1 20,4%<\/b><\/li>\n<\/ul>\n<ul>\n<li aria-level=\"1\"><span style=\"font-weight: 400;\">Dimens\u00f5es<\/span><span style=\"font-weight: 400;\"><br \/>\n<\/span><b>190 mm (C) x 8,5 cm (L) x 6 cm (A)<\/b><\/li>\n<\/ul>\n<ul>\n<li aria-level=\"1\"><span style=\"font-weight: 400;\">Peso da pe\u00e7a de m\u00e3o<\/span><span style=\"font-weight: 400;\"><br \/>\n<\/span><b>0,6 kg<\/b><\/li>\n<\/ul>\n<ul>\n<li aria-level=\"1\"><span style=\"font-weight: 400;\">Temperatura de Utiliza\u00e7\u00e3o<\/span><span style=\"font-weight: 400;\"><br \/>\n<\/span><b>10\u00ba C &#8211; 30\u00ba C<\/b><\/li>\n<\/ul>\n<ul>\n<li aria-level=\"1\"><span style=\"font-weight: 400;\">Umidade de Utiliza\u00e7\u00e3o<\/span><span style=\"font-weight: 400;\"><br \/>\n<\/span><b>30% &#8211; 75%<\/b><\/li>\n<\/ul>\n<p><b><\/b><span style=\"font-weight: 400;\">Press\u00e3o Atmosf\u00e9rica<\/span><span style=\"font-weight: 400;\"><br \/>\n<\/span><b>700 hPa &#8211; 1060 hPa<\/b><\/p>\n","protected":false},"excerpt":{"rendered":"<h3><span style=\"font-weight: 400;\">Este aparelho da fam\u00edlia E-Light \u00e9 constitu\u00eddo por uma pe\u00e7a de m\u00e3o sem fio com 8 emissores LED e 2 emissores LASER. Voc\u00ea pode escolher um dos seguintes modelos:<\/span><\/h3>\n<h3><span style=\"font-weight: 400;\">. E-Light AIL \u2013 8 emissores de LED \u00c2mbar + 2 emissores de LASER Infravermelho<\/span><\/h3>\n<h3><span style=\"font-weight: 400;\">. E-Light ILB \u2013 8 emissores de LED Azul + 2 emissores de LASER Infravermelho<\/span><\/h3>\n<h3><span style=\"font-weight: 400;\">. E-Light ILV \u2013 8 emissores de LED Violeta + 2 emissores de LASER Infravermelho<\/span><\/h3>\n<h3><span style=\"font-weight: 400;\">. E-Light BRL \u2013 8 emissores de LED Azul + 2 emissores de LASER Infravermelho<\/span><\/h3>\n","protected":false},"featured_media":891,"comment_status":"open","ping_status":"closed","template":"","meta":[],"product_cat":[18],"product_tag":[],"class_list":{"0":"post-890","1":"product","2":"type-product","3":"status-publish","4":"has-post-thumbnail","5":"hentry","6":"product_cat-produtos-dmc","8":"entry","9":"has-media","10":"owp-thumbs-layout-horizontal","11":"owp-btn-normal","12":"owp-tabs-layout-horizontal","13":"has-no-thumbnails"},"_links":{"self":[{"href":"https:\/\/institutotherapy.com.br\/site\/wp-json\/wp\/v2\/product\/890","targetHints":{"allow":["GET"]}}],"collection":[{"href":"https:\/\/institutotherapy.com.br\/site\/wp-json\/wp\/v2\/product"}],"about":[{"href":"https:\/\/institutotherapy.com.br\/site\/wp-json\/wp\/v2\/types\/product"}],"replies":[{"embeddable":true,"href":"https:\/\/institutotherapy.com.br\/site\/wp-json\/wp\/v2\/comments?post=890"}],"wp:featuredmedia":[{"embeddable":true,"href":"https:\/\/institutotherapy.com.br\/site\/wp-json\/wp\/v2\/media\/891"}],"wp:attachment":[{"href":"https:\/\/institutotherapy.com.br\/site\/wp-json\/wp\/v2\/media?parent=890"}],"wp:term":[{"taxonomy":"product_cat","embeddable":true,"href":"https:\/\/institutotherapy.com.br\/site\/wp-json\/wp\/v2\/product_cat?post=890"},{"taxonomy":"product_tag","embeddable":true,"href":"https:\/\/institutotherapy.com.br\/site\/wp-json\/wp\/v2\/product_tag?post=890"}],"curies":[{"name":"wp","href":"https:\/\/api.w.org\/{rel}","templated":true}]}}