{"id":886,"date":"2022-04-03T15:38:44","date_gmt":"2022-04-03T18:38:44","guid":{"rendered":"https:\/\/institutotherapy.com.br\/site\/?post_type=product&#038;p=886"},"modified":"2025-05-05T00:20:12","modified_gmt":"2025-05-05T03:20:12","slug":"therapy-ilib-r","status":"publish","type":"product","link":"https:\/\/institutotherapy.com.br\/site\/product\/therapy-ilib-r\/","title":{"rendered":"Therapy ILIB R"},"content":{"rendered":"<h5><em><b>Registro ANVISA<\/b><\/em><\/h5>\n<p><span style=\"font-weight: 400;\">O Therapy Ilib R apresenta as seguintes indica\u00e7\u00f5es:<\/span><\/p>\n<p><span style=\"font-weight: 400;\">\u2013 Est\u00edmulo a s\u00edntese de col\u00e1geno, possibilitando o tratamento de marcas de express\u00e3o;<\/span><\/p>\n<p><span style=\"font-weight: 400;\">\u2013 A\u00e7\u00e3o anti-inflamat\u00f3ria e bactericida no tratamento de acnes;<\/span><\/p>\n<p><span style=\"font-weight: 400;\">\u2013 Est\u00edmulo a cicatriza\u00e7\u00e3o de tecidos moles, nos p\u00f3s-operat\u00f3rios cir\u00fargicos;<\/span><\/p>\n<p><span style=\"font-weight: 400;\">\u2013 Est\u00edmulo a cicatriza\u00e7\u00e3o de queimaduras;<\/span><\/p>\n<p><span style=\"font-weight: 400;\">\u2013 Utiliza\u00e7\u00e3o na t\u00e9cnica ILIB (Intravascular Laser Irradiation of Blood);<\/span><\/p>\n<p><span style=\"font-weight: 400;\">\u2013 Utiliza\u00e7\u00e3o na t\u00e9cnica PDT (Terapia Fotodin\u00e2mica).<\/span><\/p>\n<h3><b>Itens que Acompanham o Produto<\/b><\/h3>\n<ul>\n<li style=\"font-weight: 400;\" aria-level=\"1\"><span style=\"font-weight: 400;\">01 suporte da pe\u00e7a de m\u00e3o<\/span><\/li>\n<li style=\"font-weight: 400;\" aria-level=\"1\"><span style=\"font-weight: 400;\">03 pulseiras para ILIB<\/span><\/li>\n<li style=\"font-weight: 400;\" aria-level=\"1\"><span style=\"font-weight: 400;\">03 espa\u00e7adores<\/span><\/li>\n<li style=\"font-weight: 400;\" aria-level=\"1\"><span style=\"font-weight: 400;\">01 fonte de alimenta\u00e7\u00e3o<\/span><\/li>\n<li style=\"font-weight: 400;\" aria-level=\"1\"><span style=\"font-weight: 400;\">01 case para transporte<\/span><\/li>\n<\/ul>\n<ul>\n<li style=\"font-weight: 400;\" aria-level=\"1\"><span style=\"font-weight: 400;\">01 \u00f3culos de prote\u00e7\u00e3o grande<\/span><\/li>\n<li style=\"font-weight: 400;\" aria-level=\"1\"><span style=\"font-weight: 400;\">01 \u00f3culos de prote\u00e7\u00e3o pequeno (protetor ocular)<\/span><\/li>\n<li style=\"font-weight: 400;\" aria-level=\"1\"><span style=\"font-weight: 400;\">01 termo de garantia<\/span><\/li>\n<li style=\"font-weight: 400;\" aria-level=\"1\"><span style=\"font-weight: 400;\">01 guia do usu\u00e1rio<\/span><\/li>\n<\/ul>\n","protected":false},"excerpt":{"rendered":"<h3><span style=\"font-weight: 400;\">O <strong>Therapy ILIB R<\/strong> apresenta as seguintes indica\u00e7\u00f5es:<\/span><\/h3>\n<h3><span style=\"font-weight: 400;\">\u2013 Est\u00edmulo a s\u00edntese de col\u00e1geno, possibilitando o tratamento de marcas de express\u00e3o;<\/span><\/h3>\n<h3><span style=\"font-weight: 400;\">\u2013 A\u00e7\u00e3o anti-inflamat\u00f3ria e bactericida no tratamento de acnes;<\/span><\/h3>\n<h3><span style=\"font-weight: 400;\">\u2013 Est\u00edmulo a cicatriza\u00e7\u00e3o de tecidos moles, nos p\u00f3s-operat\u00f3rios cir\u00fargicos;<\/span><\/h3>\n<h3><span style=\"font-weight: 400;\">\u2013 Est\u00edmulo a cicatriza\u00e7\u00e3o de queimaduras;<\/span><\/h3>\n<h3><span style=\"font-weight: 400;\">\u2013 Utiliza\u00e7\u00e3o na t\u00e9cnica ILIB (Intravascular Laser Irradiation of Blood);<\/span><\/h3>\n<h3><span style=\"font-weight: 400;\">\u2013 Utiliza\u00e7\u00e3o na t\u00e9cnica PDT (Terapia Fotodin\u00e2mica).<\/span><\/h3>\n","protected":false},"featured_media":2591,"comment_status":"open","ping_status":"closed","template":"","meta":[],"product_cat":[18],"product_tag":[],"class_list":{"0":"post-886","1":"product","2":"type-product","3":"status-publish","4":"has-post-thumbnail","5":"hentry","6":"product_cat-produtos-dmc","8":"entry","9":"has-media","10":"owp-thumbs-layout-horizontal","11":"owp-btn-normal","12":"owp-tabs-layout-horizontal","13":"has-no-thumbnails"},"_links":{"self":[{"href":"https:\/\/institutotherapy.com.br\/site\/wp-json\/wp\/v2\/product\/886","targetHints":{"allow":["GET"]}}],"collection":[{"href":"https:\/\/institutotherapy.com.br\/site\/wp-json\/wp\/v2\/product"}],"about":[{"href":"https:\/\/institutotherapy.com.br\/site\/wp-json\/wp\/v2\/types\/product"}],"replies":[{"embeddable":true,"href":"https:\/\/institutotherapy.com.br\/site\/wp-json\/wp\/v2\/comments?post=886"}],"wp:featuredmedia":[{"embeddable":true,"href":"https:\/\/institutotherapy.com.br\/site\/wp-json\/wp\/v2\/media\/2591"}],"wp:attachment":[{"href":"https:\/\/institutotherapy.com.br\/site\/wp-json\/wp\/v2\/media?parent=886"}],"wp:term":[{"taxonomy":"product_cat","embeddable":true,"href":"https:\/\/institutotherapy.com.br\/site\/wp-json\/wp\/v2\/product_cat?post=886"},{"taxonomy":"product_tag","embeddable":true,"href":"https:\/\/institutotherapy.com.br\/site\/wp-json\/wp\/v2\/product_tag?post=886"}],"curies":[{"name":"wp","href":"https:\/\/api.w.org\/{rel}","templated":true}]}}