{"id":884,"date":"2022-04-03T15:35:12","date_gmt":"2022-04-03T18:35:12","guid":{"rendered":"https:\/\/institutotherapy.com.br\/site\/?post_type=product&#038;p=884"},"modified":"2025-05-05T00:22:51","modified_gmt":"2025-05-05T03:22:51","slug":"therapy-acp","status":"publish","type":"product","link":"https:\/\/institutotherapy.com.br\/site\/product\/therapy-acp\/","title":{"rendered":"Therapy ACP"},"content":{"rendered":"<p>&nbsp;<\/p>\n<h5><em><b>Registro ANVISA 80030819012<\/b><\/em><\/h5>\n<p><span style=\"font-weight: 400;\">O Therapy ACP \u00e9 um equipamento fabricado com a mais alta tecnologia, obedecendo \u00e0s mais recentes normas de fabrica\u00e7\u00e3o nacionais exigidas pela ANVISA \u2013 Ag\u00eancia Nacional de Vigil\u00e2ncia Sanit\u00e1ria. Ele<\/span><span style=\"font-weight: 400;\">\u00a0foi desenvolvido para ser utilizado por profissionais da \u00e1rea da sa\u00fade com especializa\u00e7\u00e3o em acupuntura. O profissional deve estar qualificado para a aplica\u00e7\u00e3o das t\u00e9cnicas relacionadas ao produto. A utiliza\u00e7\u00e3o inadequada poder\u00e1 acarretar danos irrevers\u00edveis.<\/span><\/p>\n<p><span style=\"font-weight: 400;\">\u00c9 um equipamento da fam\u00edlia Therapy cujo modo de emiss\u00e3o \u00e9 modulado para produzir as frequ\u00eancias de \u201cManfred\u201d e \u201cNogier\u201d, emitindo luz laser vermelha e infravermelha.<\/span><\/p>\n<p><span style=\"font-weight: 400;\">O <strong>Therapy ACP<\/strong> deve ser utilizado para auxiliar no tratamento das indica\u00e7\u00f5es abaixo:<\/span><\/p>\n<p><span style=\"font-weight: 400;\">Aplica\u00e7\u00e3o de acupuntura a laser: analgesia, depress\u00e3o, asma, n\u00e1usea\/v\u00f4mito e obesidade (perfil lip\u00eddico).<\/span><\/p>\n<p><span style=\"font-weight: 400;\">T\u00e9cnica ILIB (Intravascular Laser Irradiation of Blood): a t\u00e9cnica ILIB atua no controle da evolu\u00e7\u00e3o de doen\u00e7as associadas com o perfil lip\u00eddico (colesterol total, HDL, LDL e triglic\u00e9rides), n\u00edveis de a\u00e7\u00facar no sangue e taxa de sedimenta\u00e7\u00e3o de eritr\u00f3citos (redu\u00e7\u00e3o da inflama\u00e7\u00e3o).<\/span><\/p>\n<p><span style=\"font-weight: 400;\">HDL: lipoprote\u00ednas de alta densidade<\/span><\/p>\n<p><span style=\"font-weight: 400;\">LDL: lipoprote\u00ednas de baixa densidade<\/span><\/p>\n<h3><b>Itens que Acompanham o Produto<\/b><\/h3>\n<ul>\n<li style=\"font-weight: 400;\" aria-level=\"1\"><span style=\"font-weight: 400;\">01 suporte da pe\u00e7a de m\u00e3o<\/span><\/li>\n<li style=\"font-weight: 400;\" aria-level=\"1\"><span style=\"font-weight: 400;\">03 pulseiras para ILIB<\/span><\/li>\n<li style=\"font-weight: 400;\" aria-level=\"1\"><span style=\"font-weight: 400;\">03 espa\u00e7adores<\/span><\/li>\n<li style=\"font-weight: 400;\" aria-level=\"1\"><span style=\"font-weight: 400;\">01 fonte de alimenta\u00e7\u00e3o<\/span><\/li>\n<li style=\"font-weight: 400;\" aria-level=\"1\"><span style=\"font-weight: 400;\">01 case para transporte<\/span><\/li>\n<\/ul>\n<ul>\n<li style=\"font-weight: 400;\" aria-level=\"1\"><span style=\"font-weight: 400;\">01 \u00f3culos de prote\u00e7\u00e3o grande<\/span><\/li>\n<li style=\"font-weight: 400;\" aria-level=\"1\"><span style=\"font-weight: 400;\">01 \u00f3culos de prote\u00e7\u00e3o pequeno (protetor ocular)<\/span><\/li>\n<li style=\"font-weight: 400;\" aria-level=\"1\"><span style=\"font-weight: 400;\">01 termo de garantia<\/span><\/li>\n<li style=\"font-weight: 400;\" aria-level=\"1\"><span style=\"font-weight: 400;\">01 guia do usu\u00e1rio<\/span><\/li>\n<\/ul>\n<h3><\/h3>\n<h3><b>Especifica\u00e7\u00f5es<\/b><\/h3>\n<ul>\n<li style=\"font-weight: 400;\" aria-level=\"1\"><span style=\"font-weight: 400;\">Tens\u00e3o de Alimenta\u00e7\u00e3o<\/span><span style=\"font-weight: 400;\"><br \/>\n<\/span><span style=\"font-weight: 400;\">100-240 V~<\/span><\/li>\n<li style=\"font-weight: 400;\" aria-level=\"1\"><span style=\"font-weight: 400;\">Peso da pe\u00e7a de m\u00e3o<\/span><span style=\"font-weight: 400;\"><br \/>\n<\/span><span style=\"font-weight: 400;\">0,2 kg<\/span><\/li>\n<li style=\"font-weight: 400;\" aria-level=\"1\"><span style=\"font-weight: 400;\">Peso do suporte da pe\u00e7a de m\u00e3o<\/span><span style=\"font-weight: 400;\"><br \/>\n<\/span><span style=\"font-weight: 400;\">0,1 kg<\/span><\/li>\n<li style=\"font-weight: 400;\" aria-level=\"1\"><span style=\"font-weight: 400;\">Dimens\u00f5es da pe\u00e7a de m\u00e3o<\/span><span style=\"font-weight: 400;\"><br \/>\n<\/span><span style=\"font-weight: 400;\">21cm (A) x 3cm (L) x 5cm (P)<\/span><\/li>\n<li style=\"font-weight: 400;\" aria-level=\"1\"><span style=\"font-weight: 400;\">Dimens\u00e3o do suporte da pe\u00e7a de m\u00e3o<\/span><span style=\"font-weight: 400;\"><br \/>\n<\/span><span style=\"font-weight: 400;\">5,9 cm (altura) x 10,4 cm (di\u00e2metro)<\/span><\/li>\n<li style=\"font-weight: 400;\" aria-level=\"1\"><span style=\"font-weight: 400;\">Bateria<\/span><span style=\"font-weight: 400;\"><br \/>\n<\/span><span style=\"font-weight: 400;\">Li-\u00edon 3,7V 18650 com circuito de prote\u00e7\u00e3o<\/span><\/li>\n<\/ul>\n<ul>\n<li style=\"font-weight: 400;\" aria-level=\"1\"><span style=\"font-weight: 400;\">Comprimento de onda laser vermelho<\/span><span style=\"font-weight: 400;\"><br \/>\n<\/span><span style=\"font-weight: 400;\">660 nm \u00b1 10 nm<\/span><\/li>\n<li style=\"font-weight: 400;\" aria-level=\"1\"><span style=\"font-weight: 400;\">Pot\u00eancia \u00fatil emissor laser vermelho<\/span><span style=\"font-weight: 400;\"><br \/>\n<\/span><span style=\"font-weight: 400;\">100 mW \u00b1 20%<\/span><\/li>\n<li style=\"font-weight: 400;\" aria-level=\"1\"><span style=\"font-weight: 400;\">Comprimento de onda laser vermelho (laser mira)<\/span><span style=\"font-weight: 400;\"><br \/>\n<\/span><span style=\"font-weight: 400;\">660 nm \u00b1 10 nm<\/span><\/li>\n<li style=\"font-weight: 400;\" aria-level=\"1\"><span style=\"font-weight: 400;\">Pot\u00eancia \u00fatil emissor laser vermelho (laser mira)<\/span><span style=\"font-weight: 400;\"><br \/>\n<\/span><span style=\"font-weight: 400;\">0,5 mW &#8211; 2,5 mW<\/span><\/li>\n<li style=\"font-weight: 400;\" aria-level=\"1\"><span style=\"font-weight: 400;\">Comprimento de onda laser infravermelho<\/span><span style=\"font-weight: 400;\"><br \/>\n<\/span><span style=\"font-weight: 400;\">808 nm \u00b1 10 nm<\/span><\/li>\n<\/ul>\n<p><span style=\"font-weight: 400;\">Pot\u00eancia \u00fatil emissor laser infravermelho<\/span><span style=\"font-weight: 400;\"><br \/>\n<\/span><span style=\"font-weight: 400;\">100 mW \u00b1 20%<\/span><\/p>\n","protected":false},"excerpt":{"rendered":"<h3><span style=\"font-weight: 400;\">O <strong>Therapy ACP<\/strong> foi desenvolvido para ser utilizado por profissionais da \u00e1rea da sa\u00fade com especializa\u00e7\u00e3o em acupuntura. O profissional deve estar qualificado para a aplica\u00e7\u00e3o das t\u00e9cnicas relacionadas ao produto. A utiliza\u00e7\u00e3o inadequada poder\u00e1 acarretar danos irrevers\u00edveis.<\/span><\/h3>\n<h3><span style=\"font-weight: 400;\">\u00c9 um equipamento da fam\u00edlia Therapy cujo modo de emiss\u00e3o \u00e9 modulado para produzir as frequ\u00eancias de \u201cManfred\u201d e \u201cNogier\u201d, emitindo luz laser vermelha e infravermelha.<\/span><\/h3>\n","protected":false},"featured_media":2591,"comment_status":"open","ping_status":"closed","template":"","meta":[],"product_cat":[18],"product_tag":[],"class_list":{"0":"post-884","1":"product","2":"type-product","3":"status-publish","4":"has-post-thumbnail","5":"hentry","6":"product_cat-produtos-dmc","8":"entry","9":"has-media","10":"owp-thumbs-layout-horizontal","11":"owp-btn-normal","12":"owp-tabs-layout-horizontal","13":"has-no-thumbnails"},"_links":{"self":[{"href":"https:\/\/institutotherapy.com.br\/site\/wp-json\/wp\/v2\/product\/884","targetHints":{"allow":["GET"]}}],"collection":[{"href":"https:\/\/institutotherapy.com.br\/site\/wp-json\/wp\/v2\/product"}],"about":[{"href":"https:\/\/institutotherapy.com.br\/site\/wp-json\/wp\/v2\/types\/product"}],"replies":[{"embeddable":true,"href":"https:\/\/institutotherapy.com.br\/site\/wp-json\/wp\/v2\/comments?post=884"}],"wp:featuredmedia":[{"embeddable":true,"href":"https:\/\/institutotherapy.com.br\/site\/wp-json\/wp\/v2\/media\/2591"}],"wp:attachment":[{"href":"https:\/\/institutotherapy.com.br\/site\/wp-json\/wp\/v2\/media?parent=884"}],"wp:term":[{"taxonomy":"product_cat","embeddable":true,"href":"https:\/\/institutotherapy.com.br\/site\/wp-json\/wp\/v2\/product_cat?post=884"},{"taxonomy":"product_tag","embeddable":true,"href":"https:\/\/institutotherapy.com.br\/site\/wp-json\/wp\/v2\/product_tag?post=884"}],"curies":[{"name":"wp","href":"https:\/\/api.w.org\/{rel}","templated":true}]}}