{"id":881,"date":"2022-04-03T15:21:50","date_gmt":"2022-04-03T18:21:50","guid":{"rendered":"https:\/\/institutotherapy.com.br\/site\/?post_type=product&#038;p=881"},"modified":"2025-05-05T00:21:11","modified_gmt":"2025-05-05T03:21:11","slug":"therapy-plus","status":"publish","type":"product","link":"https:\/\/institutotherapy.com.br\/site\/product\/therapy-plus\/","title":{"rendered":"Therapy Plus"},"content":{"rendered":"<h5><em><b>Registro ANVISA 80030810157<\/b><\/em><\/h5>\n<h4><\/h4>\n<h2><b>Itens que Acompanham o Produto<\/b><\/h2>\n<ul>\n<li><span style=\"font-weight: 400;\">01 suporte da pe\u00e7a de m\u00e3o<\/span><\/li>\n<li><span style=\"font-weight: 400;\">03 pulseiras para ILIB<\/span><\/li>\n<li><span style=\"font-weight: 400;\">03 espa\u00e7adores<\/span><\/li>\n<li><span style=\"font-weight: 400;\">01 fonte de alimenta\u00e7\u00e3o<\/span><\/li>\n<li><span style=\"font-weight: 400;\">01 case para transporte<\/span><\/li>\n<li><span style=\"font-weight: 400;\">01 \u00f3culos de prote\u00e7\u00e3o grande<\/span><\/li>\n<li><span style=\"font-weight: 400;\">01 \u00f3culos de prote\u00e7\u00e3o pequeno (protetor ocular)<\/span><\/li>\n<li><span style=\"font-weight: 400;\">01 termo de garantia<\/span><\/li>\n<li><span style=\"font-weight: 400;\">01 guia do usu\u00e1rio<\/span><\/li>\n<\/ul>\n<h4><\/h4>\n<h2><b>Especifica\u00e7\u00f5es<\/b><\/h2>\n<ul>\n<li><span style=\"font-weight: 400;\">Tens\u00e3o de Alimenta\u00e7\u00e3o<\/span><span style=\"font-weight: 400;\"><br \/>\n<\/span><span style=\"font-weight: 400;\">90 \u2013 240 V~<\/span><\/li>\n<li><span style=\"font-weight: 400;\">Peso da pe\u00e7a de m\u00e3o<\/span><span style=\"font-weight: 400;\"><br \/>\n<\/span><span style=\"font-weight: 400;\">0,180 Kg<\/span><\/li>\n<li><span style=\"font-weight: 400;\">Peso do suporte da pe\u00e7a de m\u00e3o<\/span><span style=\"font-weight: 400;\"><br \/>\n<\/span><span style=\"font-weight: 400;\">0,120 Kg<\/span><\/li>\n<li><span style=\"font-weight: 400;\">Dimens\u00f5es da pe\u00e7a de m\u00e3o<\/span><span style=\"font-weight: 400;\"><br \/>\n<\/span><span style=\"font-weight: 400;\">5,9 cm (altura) x 10,4 cm (di\u00e2metro)<\/span><\/li>\n<li><span style=\"font-weight: 400;\">Dimens\u00f5es do suporte da pe\u00e7a de m\u00e3o<\/span><span style=\"font-weight: 400;\"><br \/>\n<\/span><span style=\"font-weight: 400;\">11cm (A) x 6cm (L) x 19cm (P)<\/span><\/li>\n<li><span style=\"font-weight: 400;\">Bateria<\/span><span style=\"font-weight: 400;\"><br \/>\n<\/span><span style=\"font-weight: 400;\">Li-\u00edon<\/span><\/li>\n<li><span style=\"font-weight: 400;\">Comprimento de onda laser vermelho<\/span><span style=\"font-weight: 400;\"><br \/>\n<\/span><span style=\"font-weight: 400;\">660 nm \u00b1 10 nm<\/span><\/li>\n<li><span style=\"font-weight: 400;\">Pot\u00eancia \u00fatil emissor laser vermelho<\/span><span style=\"font-weight: 400;\"><br \/>\n<\/span><span style=\"font-weight: 400;\">100 mW \u00b1 20%<\/span><\/li>\n<li><span style=\"font-weight: 400;\">Comprimento de onda laser infravermelho<\/span><span style=\"font-weight: 400;\"><br \/>\n<\/span><span style=\"font-weight: 400;\">808 nm \u00b1 10 nm<\/span><\/li>\n<li><span style=\"font-weight: 400;\">Pot\u00eancia \u00fatil emissor laser infravermelho<\/span><span style=\"font-weight: 400;\"><br \/>\n<\/span><span style=\"font-weight: 400;\">250 mW \u00b1 20%<\/span><\/li>\n<\/ul>\n<p>&nbsp;<\/p>\n","protected":false},"excerpt":{"rendered":"<h3><span style=\"font-weight: 400;\">O equipamento <strong>Therapy Plus<\/strong> emite luz laser vermelha (100 mW) e infravermelha (250 mW) para as finalidades anti-inflamat\u00f3rias, cicatrizantes e analg\u00e9sicas.<\/span><\/h3>\n","protected":false},"featured_media":2591,"comment_status":"open","ping_status":"closed","template":"","meta":[],"product_cat":[18],"product_tag":[],"class_list":{"0":"post-881","1":"product","2":"type-product","3":"status-publish","4":"has-post-thumbnail","5":"hentry","6":"product_cat-produtos-dmc","8":"entry","9":"has-media","10":"owp-thumbs-layout-horizontal","11":"owp-btn-normal","12":"owp-tabs-layout-horizontal","13":"has-no-thumbnails"},"_links":{"self":[{"href":"https:\/\/institutotherapy.com.br\/site\/wp-json\/wp\/v2\/product\/881","targetHints":{"allow":["GET"]}}],"collection":[{"href":"https:\/\/institutotherapy.com.br\/site\/wp-json\/wp\/v2\/product"}],"about":[{"href":"https:\/\/institutotherapy.com.br\/site\/wp-json\/wp\/v2\/types\/product"}],"replies":[{"embeddable":true,"href":"https:\/\/institutotherapy.com.br\/site\/wp-json\/wp\/v2\/comments?post=881"}],"wp:featuredmedia":[{"embeddable":true,"href":"https:\/\/institutotherapy.com.br\/site\/wp-json\/wp\/v2\/media\/2591"}],"wp:attachment":[{"href":"https:\/\/institutotherapy.com.br\/site\/wp-json\/wp\/v2\/media?parent=881"}],"wp:term":[{"taxonomy":"product_cat","embeddable":true,"href":"https:\/\/institutotherapy.com.br\/site\/wp-json\/wp\/v2\/product_cat?post=881"},{"taxonomy":"product_tag","embeddable":true,"href":"https:\/\/institutotherapy.com.br\/site\/wp-json\/wp\/v2\/product_tag?post=881"}],"curies":[{"name":"wp","href":"https:\/\/api.w.org\/{rel}","templated":true}]}}