{"id":877,"date":"2022-04-03T15:11:10","date_gmt":"2022-04-03T18:11:10","guid":{"rendered":"https:\/\/institutotherapy.com.br\/site\/?post_type=product&#038;p=877"},"modified":"2025-05-05T00:23:29","modified_gmt":"2025-05-05T03:23:29","slug":"therapy-xt","status":"publish","type":"product","link":"https:\/\/institutotherapy.com.br\/site\/product\/therapy-xt\/","title":{"rendered":"Therapy XT"},"content":{"rendered":"<h5><b>Registro ANVISA 80030810157<\/b><\/h5>\n<p><span style=\"font-weight: 400;\">Laser DMC Therapy XT (laser terap\u00eautico sem fio) foi desenvolvido para bioestimula\u00e7\u00e3o nas \u00e1reas de odontologia, fisioterapia e medicina em geral.<\/span><\/p>\n<p><span style=\"font-weight: 400;\">Sua principal fun\u00e7\u00e3o \u00e9 emitir luz laser com comprimento de onda de 660nm (laser vermelho) e 810nm (laser infravermelho).<\/span><\/p>\n<h3><b>Itens que Acompanham o Produto<\/b><\/h3>\n<ul>\n<li style=\"font-weight: 400;\" aria-level=\"1\"><span style=\"font-weight: 400;\">01 suporte da pe\u00e7a de m\u00e3o<\/span><\/li>\n<li style=\"font-weight: 400;\" aria-level=\"1\"><span style=\"font-weight: 400;\">03 espa\u00e7adores<\/span><\/li>\n<li style=\"font-weight: 400;\" aria-level=\"1\"><span style=\"font-weight: 400;\">01 fonte de alimenta\u00e7\u00e3o<\/span><\/li>\n<li style=\"font-weight: 400;\" aria-level=\"1\"><span style=\"font-weight: 400;\">01 case para transporte<\/span><\/li>\n<\/ul>\n<ul>\n<li style=\"font-weight: 400;\" aria-level=\"1\"><span style=\"font-weight: 400;\">01 \u00f3culos de prote\u00e7\u00e3o grande<\/span><\/li>\n<li style=\"font-weight: 400;\" aria-level=\"1\"><span style=\"font-weight: 400;\">01 \u00f3culos de prote\u00e7\u00e3o pequeno (protetor ocular)<\/span><\/li>\n<li style=\"font-weight: 400;\" aria-level=\"1\"><span style=\"font-weight: 400;\">01 termo de garantia<\/span><\/li>\n<li style=\"font-weight: 400;\" aria-level=\"1\"><span style=\"font-weight: 400;\">01 guia do usu\u00e1rio<\/span><\/li>\n<\/ul>\n<h3><b>Especifica\u00e7\u00f5es<\/b><\/h3>\n<ul>\n<li style=\"font-weight: 400;\" aria-level=\"1\"><span style=\"font-weight: 400;\">Tens\u00e3o de Alimenta\u00e7\u00e3o<\/span><span style=\"font-weight: 400;\"><br \/>\n<\/span><span style=\"font-weight: 400;\">90 \u2013 240 V~<\/span><\/li>\n<li style=\"font-weight: 400;\" aria-level=\"1\"><span style=\"font-weight: 400;\">Peso<\/span><span style=\"font-weight: 400;\"><br \/>\n<\/span><span style=\"font-weight: 400;\">0,300 Kg<\/span><\/li>\n<li style=\"font-weight: 400;\" aria-level=\"1\"><span style=\"font-weight: 400;\">Dimens\u00f5es<\/span><span style=\"font-weight: 400;\"><br \/>\n<\/span><span style=\"font-weight: 400;\">3cm (L) x 5cm (P) x 21cm (A)<\/span><\/li>\n<li style=\"font-weight: 400;\" aria-level=\"1\"><span style=\"font-weight: 400;\">Comprimento de onda laser vermelho<\/span><span style=\"font-weight: 400;\"><br \/>\n<\/span><span style=\"font-weight: 400;\">660 nm \u00b1 10 nm<\/span><\/li>\n<li style=\"font-weight: 400;\" aria-level=\"1\"><span style=\"font-weight: 400;\">Pot\u00eancia \u00fatil emissor laser vermelho<\/span><span style=\"font-weight: 400;\"><br \/>\n<\/span><span style=\"font-weight: 400;\">100 mW \u00b1 20%<\/span><\/li>\n<\/ul>\n<ul>\n<li style=\"font-weight: 400;\" aria-level=\"1\"><span style=\"font-weight: 400;\">Comprimento de onda laser infravermelho<\/span><span style=\"font-weight: 400;\"><br \/>\n<\/span><span style=\"font-weight: 400;\">808 nm \u00b1 10 nm<\/span><\/li>\n<li style=\"font-weight: 400;\" aria-level=\"1\"><span style=\"font-weight: 400;\">Pot\u00eancia \u00fatil emissor laser infravermelho<\/span><span style=\"font-weight: 400;\"><br \/>\n<\/span><span style=\"font-weight: 400;\">100 mW \u00b1 20%<\/span><\/li>\n<li style=\"font-weight: 400;\" aria-level=\"1\"><span style=\"font-weight: 400;\">Di\u00e2metro da fibra<\/span><span style=\"font-weight: 400;\"><br \/>\n<\/span><span style=\"font-weight: 400;\">600 um<\/span><\/li>\n<li style=\"font-weight: 400;\" aria-level=\"1\"><span style=\"font-weight: 400;\">Bateria<\/span><span style=\"font-weight: 400;\"><br \/>\n<\/span><span style=\"font-weight: 400;\">Li-\u00edon<\/span><\/li>\n<li style=\"font-weight: 400;\" aria-level=\"1\"><span style=\"font-weight: 400;\">Dura\u00e7\u00e3o da Bateria<\/span><span style=\"font-weight: 400;\"><br \/>\n<\/span><span style=\"font-weight: 400;\">2 horas com aplica\u00e7\u00e3o ininterrupta<\/span><\/li>\n<\/ul>\n","protected":false},"excerpt":{"rendered":"<h3><span style=\"font-weight: 400;\">O <strong>Laser DMC Therapy XT<\/strong> (laser terap\u00eautico sem fio) foi desenvolvido para bio-estimula\u00e7\u00e3o nas \u00e1reas de odontologia, fisioterapia e medicina em geral.<\/span><\/h3>\n<h3><span style=\"font-weight: 400;\">Sua principal fun\u00e7\u00e3o \u00e9 emitir luz laser com comprimento de onda de 660 nm (laser vermelho) e 810 nm (laser infravermelho).<\/span><\/h3>\n","protected":false},"featured_media":2591,"comment_status":"open","ping_status":"closed","template":"","meta":[],"product_cat":[18],"product_tag":[],"class_list":{"0":"post-877","1":"product","2":"type-product","3":"status-publish","4":"has-post-thumbnail","5":"hentry","6":"product_cat-produtos-dmc","8":"entry","9":"has-media","10":"owp-thumbs-layout-horizontal","11":"owp-btn-normal","12":"owp-tabs-layout-horizontal","13":"has-no-thumbnails"},"_links":{"self":[{"href":"https:\/\/institutotherapy.com.br\/site\/wp-json\/wp\/v2\/product\/877","targetHints":{"allow":["GET"]}}],"collection":[{"href":"https:\/\/institutotherapy.com.br\/site\/wp-json\/wp\/v2\/product"}],"about":[{"href":"https:\/\/institutotherapy.com.br\/site\/wp-json\/wp\/v2\/types\/product"}],"replies":[{"embeddable":true,"href":"https:\/\/institutotherapy.com.br\/site\/wp-json\/wp\/v2\/comments?post=877"}],"wp:featuredmedia":[{"embeddable":true,"href":"https:\/\/institutotherapy.com.br\/site\/wp-json\/wp\/v2\/media\/2591"}],"wp:attachment":[{"href":"https:\/\/institutotherapy.com.br\/site\/wp-json\/wp\/v2\/media?parent=877"}],"wp:term":[{"taxonomy":"product_cat","embeddable":true,"href":"https:\/\/institutotherapy.com.br\/site\/wp-json\/wp\/v2\/product_cat?post=877"},{"taxonomy":"product_tag","embeddable":true,"href":"https:\/\/institutotherapy.com.br\/site\/wp-json\/wp\/v2\/product_tag?post=877"}],"curies":[{"name":"wp","href":"https:\/\/api.w.org\/{rel}","templated":true}]}}