{"id":2139,"date":"2023-07-11T10:19:02","date_gmt":"2023-07-11T13:19:02","guid":{"rendered":"https:\/\/institutotherapy.com.br\/site\/?post_type=product&#038;p=2139"},"modified":"2024-11-06T20:54:40","modified_gmt":"2024-11-06T23:54:40","slug":"theravet-2","status":"publish","type":"product","link":"https:\/\/institutotherapy.com.br\/site\/product\/theravet-2\/","title":{"rendered":"Theravet"},"content":{"rendered":"<p>A terapia com laser n\u00e3o possui efeitos colaterais, n\u00e3o \u00e9 invasiva e traz benef\u00edcios ao animal na redu\u00e7\u00e3o da dor, da inflama\u00e7\u00e3o, na estimula\u00e7\u00e3o a regenera\u00e7\u00e3o dos tecidos entre outros benef\u00edcios.<br \/>\n\u200b<br \/>\nO Theravet foi criado pensando no bem-estar animal atrav\u00e9s da fotobiomodula\u00e7\u00e3o.<\/p>\n","protected":false},"excerpt":{"rendered":"<p>A terapia com laser n\u00e3o possui efeitos colaterais, n\u00e3o \u00e9 invasiva e traz benef\u00edcios ao animal na redu\u00e7\u00e3o da dor, [&hellip;]<\/p>\n","protected":false},"featured_media":2140,"comment_status":"open","ping_status":"closed","template":"","meta":[],"product_cat":[18],"product_tag":[],"class_list":{"0":"post-2139","1":"product","2":"type-product","3":"status-publish","4":"has-post-thumbnail","5":"hentry","6":"product_cat-produtos-dmc","8":"entry","9":"has-media","10":"owp-thumbs-layout-horizontal","11":"owp-btn-normal","12":"owp-tabs-layout-horizontal","13":"has-no-thumbnails"},"_links":{"self":[{"href":"https:\/\/institutotherapy.com.br\/site\/wp-json\/wp\/v2\/product\/2139","targetHints":{"allow":["GET"]}}],"collection":[{"href":"https:\/\/institutotherapy.com.br\/site\/wp-json\/wp\/v2\/product"}],"about":[{"href":"https:\/\/institutotherapy.com.br\/site\/wp-json\/wp\/v2\/types\/product"}],"replies":[{"embeddable":true,"href":"https:\/\/institutotherapy.com.br\/site\/wp-json\/wp\/v2\/comments?post=2139"}],"wp:featuredmedia":[{"embeddable":true,"href":"https:\/\/institutotherapy.com.br\/site\/wp-json\/wp\/v2\/media\/2140"}],"wp:attachment":[{"href":"https:\/\/institutotherapy.com.br\/site\/wp-json\/wp\/v2\/media?parent=2139"}],"wp:term":[{"taxonomy":"product_cat","embeddable":true,"href":"https:\/\/institutotherapy.com.br\/site\/wp-json\/wp\/v2\/product_cat?post=2139"},{"taxonomy":"product_tag","embeddable":true,"href":"https:\/\/institutotherapy.com.br\/site\/wp-json\/wp\/v2\/product_tag?post=2139"}],"curies":[{"name":"wp","href":"https:\/\/api.w.org\/{rel}","templated":true}]}}