{"id":167,"date":"2022-03-21T12:47:33","date_gmt":"2022-03-21T15:47:33","guid":{"rendered":"https:\/\/institutotherapy.com.br\/site\/?post_type=product&#038;p=167"},"modified":"2025-05-05T00:21:54","modified_gmt":"2025-05-05T03:21:54","slug":"therapy-ec","status":"publish","type":"product","link":"https:\/\/institutotherapy.com.br\/site\/product\/therapy-ec\/","title":{"rendered":"Therapy EC"},"content":{"rendered":"<div class=\"wpb_text_column wpb_content_element vc_custom_1618869015596\">\n<div class=\"wpb_wrapper\">\n<blockquote>\n<h5 style=\"text-align: left;\">Registro ANVISA 80030810156<\/h5>\n<\/blockquote>\n<p>A Fototerapia propicia tratamentos no controle da dor, est\u00edmulo \u00e0 repara\u00e7\u00e3o tecidual, regula\u00e7\u00e3o dos processos inflamat\u00f3rios e terapia antiaging. Os tratamentos com sistemas de laser de baixa intensidade s\u00e3o indolores, seguros e eficazes.<\/p>\n<p>Combate aos radicais livres no tratamento antienvelhecimento, tamb\u00e9m conhecida como a t\u00e9cnica Ilib.<\/p>\n<\/div>\n<\/div>\n<div class=\"wpb_text_column wpb_content_element vc_custom_1580322121760\">\n<div class=\"wpb_wrapper\">\n<p>O Laser DMC Therapy EC apresenta as seguintes indica\u00e7\u00f5es:<\/p>\n<p>Laser Vermelho:<br \/>\n\u2013 Est\u00edmulo a s\u00edntese de col\u00e1geno, possibilitando o tratamento de marcas de express\u00e3o;<br \/>\n\u2013 A\u00e7\u00e3o anti-inflamat\u00f3ria e bactericida no tratamento de acnes;<br \/>\n\u2013 Est\u00edmulo a cicatriza\u00e7\u00e3o de tecidos moles, nos p\u00f3s-operat\u00f3rios cir\u00fargicos;<br \/>\n\u2013 Est\u00edmulo a cicatriza\u00e7\u00e3o de queimaduras;<br \/>\n\u2013 Utiliza\u00e7\u00e3o na t\u00e9cnica ILIB (Intravascular Laser Irradiation of Blood).<\/p>\n<p class=\"p1\">Dose 1 J (Joule) Flu\u00eancia 35 J\/cm<br \/>\nDose 2 J (Joule) Flu\u00eancia 70 J\/cm<br \/>\nDose 4 J (Joule) Flu\u00eancia 140 J\/cm<\/p>\n<p>Laser Infravermelho:<br \/>\n\u2013 Est\u00edmulo \u00e0 s\u00edntese de col\u00e1geno, possibilitando tratamento de marcas de express\u00e3o;<br \/>\n\u2013 A\u00e7\u00e3o analg\u00e9sica e anti-inflamat\u00f3ria;<br \/>\n\u2013 Bio-estimula\u00e7\u00e3o na cicatriza\u00e7\u00e3o de tecidos profundos (osso, cartilagem e tecido nervoso).<\/p>\n<p class=\"p1\">Dose 1 J (Joule) Flu\u00eancia 35 J\/cm<br \/>\nDose 2 J (Joule) Flu\u00eancia 70 J\/cm<br \/>\nDose 4 J (Joule) Flu\u00eancia 140 J\/cm<\/p>\n<\/div>\n<\/div>\n<div id=\"wd-5d8e6142b9bc6\" class=\"title-wrapper woodmart-title-color-default woodmart-title-style-default woodmart-title-width-100 text-left woodmart-title-size-small vc_custom_1569612124367\">\n<div class=\"liner-continer\">\n<h4 class=\"woodmart-title-container title woodmart-font-weight-600\">Itens que Acompanham o Produto<\/h4>\n<\/div>\n<\/div>\n<div class=\"vc_row wpb_row vc_inner vc_row-fluid vc_custom_1532346192176 vc_row-has-fill\">\n<div class=\"wpb_column vc_column_container vc_col-sm-6\">\n<div class=\"vc_column-inner vc_custom_1532346102929\">\n<div class=\"wpb_wrapper\">\n<div id=\"wd-6081d7215ec1c\" class=\"woodmart-list color-scheme- woodmart-text-size-default woodmart-list-type-icon woodmart-list-style-default vc_custom_1619122251248\">\n<ul>\n<li><\/li>\n<li><span class=\"list-content\">01 suporte da pe\u00e7a de m\u00e3o<\/span><\/li>\n<li><\/li>\n<li><span class=\"list-content\">03 pulseiras para ILIB<\/span><\/li>\n<li><\/li>\n<li><span class=\"list-content\">03 espa\u00e7adores<\/span><\/li>\n<li><\/li>\n<li><span class=\"list-content\">01 fonte de alimenta\u00e7\u00e3o<\/span><\/li>\n<li><\/li>\n<li><span class=\"list-content\">01 case para transporte<\/span><\/li>\n<\/ul>\n<\/div>\n<\/div>\n<\/div>\n<\/div>\n<div class=\"wpb_column vc_column_container vc_col-sm-6\">\n<div class=\"vc_column-inner vc_custom_1532346106600\">\n<div class=\"wpb_wrapper\">\n<div id=\"wd-608919d7d5eb4\" class=\"woodmart-list color-scheme- woodmart-text-size-default woodmart-list-type-icon woodmart-list-style-default vc_custom_1619597791732\">\n<div class=\"list-icon typcn typcn-media-record\"><\/div>\n<p><span class=\"list-content\">01 \u00f3culos de prote\u00e7\u00e3o grande<\/span><\/p>\n<div class=\"list-icon typcn typcn-media-record\"><\/div>\n<p><span class=\"list-content\">01 \u00f3culos de prote\u00e7\u00e3o pequeno (protetor ocular)<\/span><\/p>\n<div class=\"list-icon typcn typcn-media-record\"><\/div>\n<p><span class=\"list-content\">01 termo de garantia<\/span><\/p>\n<div class=\"list-icon typcn typcn-media-record\"><\/div>\n<p><span class=\"list-content\">01 guia do usu\u00e1rio<\/span><\/p>\n<\/div>\n<\/div>\n<\/div>\n<\/div>\n<\/div>\n<div id=\"wd-5d8ab212d0d5a\" class=\"title-wrapper woodmart-title-color-default woodmart-title-style-default woodmart-title-width-100 text-left woodmart-title-size-small vc_custom_1569370648567\">\n<div class=\"liner-continer\">\n<h4 class=\"woodmart-title-container title woodmart-font-weight-600\">Especifica\u00e7\u00f5es<\/h4>\n<\/div>\n<\/div>\n<div class=\"vc_row wpb_row vc_inner vc_row-fluid vc_custom_1532353581133 vc_row-has-fill\">\n<div class=\"wpb_column vc_column_container vc_col-sm-6\">\n<div class=\"vc_column-inner vc_custom_1532348331583\">\n<div class=\"wpb_wrapper\">\n<div id=\"wd-607df72bc6912\" class=\"woodmart-list color-scheme- woodmart-text-size-default woodmart-list-type-icon woodmart-list-style-default vc_custom_1618868082510\">\n<ul>\n<li>\n<div class=\"list-icon typcn typcn-tick\"><\/div>\n<p><span class=\"list-content\"><strong>Tens\u00e3o de Alimenta\u00e7\u00e3o<\/strong><br \/>\n90 \u2013 240 V~<\/span><\/li>\n<li>\n<div class=\"list-icon typcn typcn-tick\"><\/div>\n<p><span class=\"list-content\"><strong>Peso da pe\u00e7a de m\u00e3o<\/strong><br \/>\n0,180 Kg<\/span><\/li>\n<li>\n<div class=\"list-icon typcn typcn-tick\"><\/div>\n<p><span class=\"list-content\"><strong>Peso do suporte da pe\u00e7a de m\u00e3o<\/strong><br \/>\n0,120 Kg<\/span><\/li>\n<li>\n<div class=\"list-icon typcn typcn-tick\"><\/div>\n<p><span class=\"list-content\"><strong>Dimens\u00f5es da pe\u00e7a de m\u00e3o<\/strong><br \/>\n21cm (A) x 3cm (L) x 5cm (P)<\/span><\/li>\n<li>\n<div class=\"list-icon typcn typcn-tick\"><\/div>\n<p><span class=\"list-content\"><strong>Dimens\u00e3o do suporte da pe\u00e7a de m\u00e3o<\/strong><br \/>\n5,9 cm (altura) x 10,4 cm (di\u00e2metro)<\/span><\/li>\n<li>\n<div class=\"list-icon typcn typcn-tick\"><\/div>\n<p><span class=\"list-content\"><strong>Bateria<\/strong><br \/>\nLi-\u00edon<\/span><\/li>\n<\/ul>\n<\/div>\n<\/div>\n<\/div>\n<\/div>\n<div class=\"wpb_column vc_column_container vc_col-sm-6\">\n<div class=\"vc_column-inner vc_custom_1532348334726\">\n<div class=\"wpb_wrapper\">\n<div id=\"wd-5d8e82cb36cfd\" class=\"woodmart-list color-scheme- woodmart-text-size-default woodmart-list-type-icon woodmart-list-style-default vc_custom_1569620714271\">\n<ul>\n<li>\n<div class=\"list-icon typcn typcn-tick\"><\/div>\n<p><span class=\"list-content\"><strong>Di\u00e2metro da fibra<\/strong><br \/>\n600 um<\/span><\/li>\n<li>\n<div class=\"list-icon typcn typcn-tick\"><\/div>\n<p><span class=\"list-content\"><strong>Comprimento de onda laser vermelho<\/strong><br \/>\n660 nm \u00b1 10 nm<\/span><\/li>\n<li>\n<div class=\"list-icon typcn typcn-tick\"><\/div>\n<p><span class=\"list-content\"><strong>Pot\u00eancia \u00fatil emissor laser vermelho<\/strong><br \/>\n100 mW \u00b1 20%<\/span><\/li>\n<li>\n<div class=\"list-icon typcn typcn-tick\"><\/div>\n<p><span class=\"list-content\"><strong>Comprimento de onda laser infravermelho<\/strong><br \/>\n808 nm \u00b1 10 nm<\/span><\/li>\n<li>\n<div class=\"list-icon typcn typcn-tick\"><\/div>\n<p><span class=\"list-content\"><strong>Pot\u00eancia \u00fatil emissor laser infravermelho<\/strong><br \/>\n100 mW \u00b1 20%<\/span><\/li>\n<\/ul>\n<\/div>\n<\/div>\n<\/div>\n<\/div>\n<\/div>\n","protected":false},"excerpt":{"rendered":"<h3><span style=\"font-weight: 400;\">Equipamento de <strong>Laser Terap\u00eautico sem fio<\/strong> (wireless) desenvolvido para biomodula\u00e7\u00e3o em respostas inflamat\u00f3rias, a\u00e7\u00e3o analg\u00e9sica, acelera\u00e7\u00e3o de processos de cicatriza\u00e7\u00e3o e combate aos radicais livres de oxig\u00eanio. <\/span><\/h3>\n<h3><span style=\"font-weight: 400;\">Seus dois diodos laseres emitem luz no comprimento de onda Vermelho (660 nm) e Infravermelho (808 nm) na pot\u00eancia de 100 mW.<\/span><\/h3>\n","protected":false},"featured_media":2591,"comment_status":"open","ping_status":"closed","template":"","meta":[],"product_cat":[18],"product_tag":[],"class_list":{"0":"post-167","1":"product","2":"type-product","3":"status-publish","4":"has-post-thumbnail","5":"hentry","6":"product_cat-produtos-dmc","8":"entry","9":"has-media","10":"owp-thumbs-layout-horizontal","11":"owp-btn-normal","12":"owp-tabs-layout-horizontal","13":"has-no-thumbnails"},"_links":{"self":[{"href":"https:\/\/institutotherapy.com.br\/site\/wp-json\/wp\/v2\/product\/167","targetHints":{"allow":["GET"]}}],"collection":[{"href":"https:\/\/institutotherapy.com.br\/site\/wp-json\/wp\/v2\/product"}],"about":[{"href":"https:\/\/institutotherapy.com.br\/site\/wp-json\/wp\/v2\/types\/product"}],"replies":[{"embeddable":true,"href":"https:\/\/institutotherapy.com.br\/site\/wp-json\/wp\/v2\/comments?post=167"}],"wp:featuredmedia":[{"embeddable":true,"href":"https:\/\/institutotherapy.com.br\/site\/wp-json\/wp\/v2\/media\/2591"}],"wp:attachment":[{"href":"https:\/\/institutotherapy.com.br\/site\/wp-json\/wp\/v2\/media?parent=167"}],"wp:term":[{"taxonomy":"product_cat","embeddable":true,"href":"https:\/\/institutotherapy.com.br\/site\/wp-json\/wp\/v2\/product_cat?post=167"},{"taxonomy":"product_tag","embeddable":true,"href":"https:\/\/institutotherapy.com.br\/site\/wp-json\/wp\/v2\/product_tag?post=167"}],"curies":[{"name":"wp","href":"https:\/\/api.w.org\/{rel}","templated":true}]}}