{"id":1466,"date":"2022-04-11T15:32:08","date_gmt":"2022-04-11T18:32:08","guid":{"rendered":"https:\/\/institutotherapy.com.br\/site\/?post_type=product&#038;p=1466"},"modified":"2022-08-30T15:57:54","modified_gmt":"2022-08-30T18:57:54","slug":"chimiolux","status":"publish","type":"product","link":"https:\/\/institutotherapy.com.br\/site\/product\/chimiolux\/","title":{"rendered":"Chimiolux"},"content":{"rendered":"<div id=\"comp-kxgy4i0f\" class=\"_2Hij5\" data-testid=\"richTextElement\" data-angle=\"0\" data-angle-style-location=\"style\" data-screen-in-hide=\"done\">\n<p class=\"font_8\"><span class=\"color_15\">Registo ANVISA &#8211; 80030810112 \/ 80030810168.<\/span><\/p>\n<\/div>\n<div id=\"comp-kzcocxm0\" class=\"XUUsC\" title=\"\">\n<div class=\"xQ_iF\" data-testid=\"linkElement\">\n<div id=\"comp-kxgy4i0r\" class=\"_1vNJf\">\n<div class=\"\" data-mesh-id=\"comp-kxgy4i0rinlineContent\" data-testid=\"inline-content\">\n<div data-mesh-id=\"comp-kxgy4i0rinlineContent-gridContainer\" data-testid=\"mesh-container-content\">\n<div id=\"comp-kxgy4i0t1\" class=\"_2Hij5\" data-testid=\"richTextElement\">\n<h3 class=\"font_7\"><span class=\"color_15\">Itens que\u00a0<\/span><span class=\"color_15\">acompanham o <\/span><span class=\"color_15\">produto:<\/span><\/h3>\n<\/div>\n<\/div>\n<\/div>\n<\/div>\n<div id=\"comp-kxgy4i0w\" class=\"_1vNJf\">\n<div class=\"\" data-mesh-id=\"comp-kxgy4i0winlineContent\" data-testid=\"inline-content\">\n<div data-mesh-id=\"comp-kxgy4i0winlineContent-gridContainer\" data-testid=\"mesh-container-content\">\n<div id=\"comp-kxgy4i0y1\" class=\"_2Hij5\" data-testid=\"richTextElement\">\n<ul class=\"font_8 color_15\">\n<li>\n<p class=\"font_8\"><span class=\"color_15\">10 aplicadores\/seringas com 1 mL cada<\/span><\/p>\n<\/li>\n<li>\n<p class=\"font_8\"><span class=\"color_15\">10 bicos aplicadores<\/span><\/p>\n<\/li>\n<li>\n<p class=\"font_8\"><span class=\"color_15\">Manual do usu\u00e1rio<\/span><\/p>\n<\/li>\n<\/ul>\n<\/div>\n<\/div>\n<\/div>\n<\/div>\n<\/div>\n<\/div>\n","protected":false},"excerpt":{"rendered":"<div id=\"comp-kxgy4i091\" class=\"_2Hij5\" data-testid=\"richTextElement\" data-angle=\"0\" data-angle-style-location=\"style\" data-screen-in-hide=\"done\">\n<p class=\"font_8\"><span class=\"color_15\">O Chimiolux (azul de metileno) evidencia placas bacterianas ou infiltra\u00e7\u00e3o em dentes que tenham sofrido algum tipo de fratura, facilitando a atua\u00e7\u00e3o dos dentistas.\u00a0<\/span><\/p>\n<p>Al\u00e9m disso, atua em controle de tecidos f\u00fangicos e bacterianos (tratamento de feridas).<\/p>\n<div id=\"comp-kxgy4i0c1\" class=\"_2Hij5\" data-testid=\"richTextElement\" data-angle=\"0\" data-angle-style-location=\"style\" data-screen-in-hide=\"done\">\n<h3 class=\"font_8\"><span class=\"color_15\">Diferenciais:<\/span><\/h3>\n<\/div>\n<div id=\"comp-kxgy4i0f\" class=\"_2Hij5\" data-testid=\"richTextElement\" data-angle=\"0\" data-angle-style-location=\"style\" data-screen-in-hide=\"done\">\n<ul class=\"font_8 color_15\">\n<li>\n<p class=\"font_8\"><span class=\"color_15\">Chimiolux 5, evidenciador l\u00edquido com concentra\u00e7\u00e3o de 0,005%;<\/span><\/p>\n<\/li>\n<li>\n<p class=\"font_8\"><span class=\"color_15\">Chimiolux 10, evidenciador l\u00edquido ou gel com concentra\u00e7\u00e3o de 0,01%;<\/span><\/p>\n<\/li>\n<li>\n<p class=\"font_8\"><span class=\"color_15\">Seringa pr\u00e1tica e f\u00e1cil de usar;<\/span><\/p>\n<\/li>\n<li>\n<p class=\"font_8\"><span class=\"color_15\">Bico aplicador que otimiza o uso;<\/span><\/p>\n<\/li>\n<li>\n<p class=\"font_8\"><span class=\"color_15\">As embalagens s\u00e3o otimizadas com 10 seringas;<\/span><\/p>\n<\/li>\n<li><\/li>\n<\/ul>\n<\/div>\n<\/div>\n","protected":false},"featured_media":1468,"comment_status":"open","ping_status":"closed","template":"","meta":[],"product_cat":[18],"product_tag":[33,32,34],"class_list":{"0":"post-1466","1":"product","2":"type-product","3":"status-publish","4":"has-post-thumbnail","5":"hentry","6":"product_cat-produtos-dmc","7":"product_tag-azul-de-metileno","8":"product_tag-chimiolux","9":"product_tag-dmc","11":"entry","12":"has-media","13":"owp-thumbs-layout-horizontal","14":"owp-btn-normal","15":"owp-tabs-layout-horizontal","16":"has-no-thumbnails"},"_links":{"self":[{"href":"https:\/\/institutotherapy.com.br\/site\/wp-json\/wp\/v2\/product\/1466","targetHints":{"allow":["GET"]}}],"collection":[{"href":"https:\/\/institutotherapy.com.br\/site\/wp-json\/wp\/v2\/product"}],"about":[{"href":"https:\/\/institutotherapy.com.br\/site\/wp-json\/wp\/v2\/types\/product"}],"replies":[{"embeddable":true,"href":"https:\/\/institutotherapy.com.br\/site\/wp-json\/wp\/v2\/comments?post=1466"}],"wp:featuredmedia":[{"embeddable":true,"href":"https:\/\/institutotherapy.com.br\/site\/wp-json\/wp\/v2\/media\/1468"}],"wp:attachment":[{"href":"https:\/\/institutotherapy.com.br\/site\/wp-json\/wp\/v2\/media?parent=1466"}],"wp:term":[{"taxonomy":"product_cat","embeddable":true,"href":"https:\/\/institutotherapy.com.br\/site\/wp-json\/wp\/v2\/product_cat?post=1466"},{"taxonomy":"product_tag","embeddable":true,"href":"https:\/\/institutotherapy.com.br\/site\/wp-json\/wp\/v2\/product_tag?post=1466"}],"curies":[{"name":"wp","href":"https:\/\/api.w.org\/{rel}","templated":true}]}}