{"id":1215,"date":"2022-04-04T17:35:08","date_gmt":"2022-04-04T20:35:08","guid":{"rendered":"https:\/\/institutotherapy.com.br\/site\/?post_type=product&#038;p=1215"},"modified":"2024-11-07T12:56:04","modified_gmt":"2024-11-07T15:56:04","slug":"bomba-de-vacuo-portatil","status":"publish","type":"product","link":"https:\/\/institutotherapy.com.br\/site\/product\/bomba-de-vacuo-portatil\/","title":{"rendered":"Bomba de v\u00e1cuo port\u00e1til"},"content":{"rendered":"","protected":false},"excerpt":{"rendered":"<p>Com catalisador de oz\u00f4nio interno para geradores de oz\u00f4nio Philozon, a bomba realiza a suc\u00e7\u00e3o do g\u00e1s oz\u00f4nio e o converte em oxig\u00eanio.<\/p>\n<p>Dimens\u00f5es: 12,6 x 19,6 cm<\/p>\n<p>Peso: 0,8 Kg<\/p>\n","protected":false},"featured_media":1220,"comment_status":"open","ping_status":"closed","template":"","meta":[],"product_cat":[26],"product_tag":[],"class_list":{"0":"post-1215","1":"product","2":"type-product","3":"status-publish","4":"has-post-thumbnail","5":"hentry","6":"product_cat-produtos-philozon","8":"entry","9":"has-media","10":"owp-thumbs-layout-horizontal","11":"owp-btn-normal","12":"owp-tabs-layout-horizontal","13":"has-no-thumbnails"},"_links":{"self":[{"href":"https:\/\/institutotherapy.com.br\/site\/wp-json\/wp\/v2\/product\/1215","targetHints":{"allow":["GET"]}}],"collection":[{"href":"https:\/\/institutotherapy.com.br\/site\/wp-json\/wp\/v2\/product"}],"about":[{"href":"https:\/\/institutotherapy.com.br\/site\/wp-json\/wp\/v2\/types\/product"}],"replies":[{"embeddable":true,"href":"https:\/\/institutotherapy.com.br\/site\/wp-json\/wp\/v2\/comments?post=1215"}],"wp:featuredmedia":[{"embeddable":true,"href":"https:\/\/institutotherapy.com.br\/site\/wp-json\/wp\/v2\/media\/1220"}],"wp:attachment":[{"href":"https:\/\/institutotherapy.com.br\/site\/wp-json\/wp\/v2\/media?parent=1215"}],"wp:term":[{"taxonomy":"product_cat","embeddable":true,"href":"https:\/\/institutotherapy.com.br\/site\/wp-json\/wp\/v2\/product_cat?post=1215"},{"taxonomy":"product_tag","embeddable":true,"href":"https:\/\/institutotherapy.com.br\/site\/wp-json\/wp\/v2\/product_tag?post=1215"}],"curies":[{"name":"wp","href":"https:\/\/api.w.org\/{rel}","templated":true}]}}