{"id":1190,"date":"2022-04-04T15:59:31","date_gmt":"2022-04-04T18:59:31","guid":{"rendered":"https:\/\/institutotherapy.com.br\/site\/?post_type=product&#038;p=1190"},"modified":"2024-11-07T12:58:11","modified_gmt":"2024-11-07T15:58:11","slug":"coluna-para-ozonizar-agua-1l","status":"publish","type":"product","link":"https:\/\/institutotherapy.com.br\/site\/product\/coluna-para-ozonizar-agua-1l\/","title":{"rendered":"Coluna para ozonizar \u00e1gua 1L"},"content":{"rendered":"","protected":false},"excerpt":{"rendered":"<p>Dispositivo eficiente para produ\u00e7\u00e3o de \u00e1gua ozonizada de alta qualidade para uso terap\u00eautico<strong>.<\/strong><\/p>\n<h3><strong>Especifica\u00e7\u00f5es T\u00e9cnicas:<\/strong><\/h3>\n<ul>\n<li>Capacidade: 1L<br \/>\nDimens\u00f5es: 850mm<br \/>\nMateriais: Vidro, a\u00e7o inox, difusor de cer\u00e2mica, suporte<br \/>\ndo catalisador em alum\u00ednio e suporte em pl\u00e1stico de engenharia<br \/>\nCatalisador: Qu\u00edmico<\/li>\n<\/ul>\n","protected":false},"featured_media":1192,"comment_status":"open","ping_status":"closed","template":"","meta":[],"product_cat":[26],"product_tag":[],"class_list":{"0":"post-1190","1":"product","2":"type-product","3":"status-publish","4":"has-post-thumbnail","5":"hentry","6":"product_cat-produtos-philozon","8":"entry","9":"has-media","10":"owp-thumbs-layout-horizontal","11":"owp-btn-normal","12":"owp-tabs-layout-horizontal","13":"has-no-thumbnails"},"_links":{"self":[{"href":"https:\/\/institutotherapy.com.br\/site\/wp-json\/wp\/v2\/product\/1190","targetHints":{"allow":["GET"]}}],"collection":[{"href":"https:\/\/institutotherapy.com.br\/site\/wp-json\/wp\/v2\/product"}],"about":[{"href":"https:\/\/institutotherapy.com.br\/site\/wp-json\/wp\/v2\/types\/product"}],"replies":[{"embeddable":true,"href":"https:\/\/institutotherapy.com.br\/site\/wp-json\/wp\/v2\/comments?post=1190"}],"wp:featuredmedia":[{"embeddable":true,"href":"https:\/\/institutotherapy.com.br\/site\/wp-json\/wp\/v2\/media\/1192"}],"wp:attachment":[{"href":"https:\/\/institutotherapy.com.br\/site\/wp-json\/wp\/v2\/media?parent=1190"}],"wp:term":[{"taxonomy":"product_cat","embeddable":true,"href":"https:\/\/institutotherapy.com.br\/site\/wp-json\/wp\/v2\/product_cat?post=1190"},{"taxonomy":"product_tag","embeddable":true,"href":"https:\/\/institutotherapy.com.br\/site\/wp-json\/wp\/v2\/product_tag?post=1190"}],"curies":[{"name":"wp","href":"https:\/\/api.w.org\/{rel}","templated":true}]}}