{"id":1180,"date":"2022-04-04T15:54:47","date_gmt":"2022-04-04T18:54:47","guid":{"rendered":"https:\/\/institutotherapy.com.br\/site\/?post_type=product&#038;p=1180"},"modified":"2023-03-14T09:37:49","modified_gmt":"2023-03-14T12:37:49","slug":"gerador-de-ozonio-para-ambientes","status":"publish","type":"product","link":"https:\/\/institutotherapy.com.br\/site\/product\/gerador-de-ozonio-para-ambientes\/","title":{"rendered":"Gerador de oz\u00f4nio para ambientes"},"content":{"rendered":"<h3><strong>Caracter\u00edsticas:<\/strong><\/h3>\n<p>\u2022 Compacto, leve e de f\u00e1cil manuseio<br \/>\n\u2022 Desligamento autom\u00e1tico<br \/>\n\u2022 Modo c\u00edclico<br \/>\n\u2022 Silencioso<br \/>\n\u2022 Seguro<\/p>\n<p><strong>Laudo T\u00e9cnico O3Air<\/strong><\/p>\n<p>O teste de efic\u00e1cia virucida \u00e9 um teste laboratorial no qual a a\u00e7\u00e3o de um agente, no caso o oz\u00f4nio gasoso, \u00e9 testado quanto \u00e0 sua capacidade de destruir\/eliminar os v\u00edrus de um determinado ambiente. Os testes e ensaios com o Gerador de Oz\u00f4nio para ambientes O3Air foram realizados pelos laborat\u00f3rios de virologia do Instituto de Biologia\/Universidade Estadual de Campinas \u2013 UNICAMP e da UFF-RJ.<\/p>\n<p>Inativa\u00e7\u00e3o de 99,9% da contamina\u00e7\u00e3o viral, sendo eficaz na destrui\u00e7\u00e3o de part\u00edculas virais, com efic\u00e1cia inclusive contra o SAR-CoV2.<\/p>\n<p>Redu\u00e7\u00e3o significativa do tamanho das part\u00edculas vi\u00e1veis e n\u00e3o vi\u00e1veis, respons\u00e1veis pela dissemina\u00e7\u00e3o de v\u00edrus e doen\u00e7as.<\/p>\n<h3><strong>Especifica\u00e7\u00f5es T\u00e9cnicas:<\/strong><\/h3>\n<ul>\n<li>Dimens\u00f5es: 12,5 x 24,5 x 21,7cm<\/li>\n<li>Peso: 1,8kg<\/li>\n<li>Produ\u00e7\u00e3o: 10 gO3\/h<\/li>\n<li>Fluxo de vaz\u00e3o: 1560 L\/min<\/li>\n<li>Timer: 10 a 240 minutos<\/li>\n<li>Tens\u00e3o de alimenta\u00e7\u00e3o: 110V &#8211; 220V (manual)<\/li>\n<\/ul>\n","protected":false},"excerpt":{"rendered":"<p>O gerador para sanitiza\u00e7\u00e3o de ambientes O3Air foi desenvolvido exclusivamente para produzir e aplicar o g\u00e1s oz\u00f4nio, a partir do ar (n\u00e3o medicinal) em diferentes espa\u00e7os de forma mais r\u00e1pida, eficaz e segura para inativar v\u00edrus e eliminar bact\u00e9rias, fungos, mofos, \u00e1caros e maus odores.<\/p>\n","protected":false},"featured_media":1187,"comment_status":"open","ping_status":"closed","template":"","meta":[],"product_cat":[26],"product_tag":[],"class_list":{"0":"post-1180","1":"product","2":"type-product","3":"status-publish","4":"has-post-thumbnail","5":"hentry","6":"product_cat-produtos-philozon","8":"entry","9":"has-media","10":"owp-thumbs-layout-horizontal","11":"owp-btn-normal","12":"owp-tabs-layout-horizontal","13":"has-no-thumbnails"},"_links":{"self":[{"href":"https:\/\/institutotherapy.com.br\/site\/wp-json\/wp\/v2\/product\/1180","targetHints":{"allow":["GET"]}}],"collection":[{"href":"https:\/\/institutotherapy.com.br\/site\/wp-json\/wp\/v2\/product"}],"about":[{"href":"https:\/\/institutotherapy.com.br\/site\/wp-json\/wp\/v2\/types\/product"}],"replies":[{"embeddable":true,"href":"https:\/\/institutotherapy.com.br\/site\/wp-json\/wp\/v2\/comments?post=1180"}],"wp:featuredmedia":[{"embeddable":true,"href":"https:\/\/institutotherapy.com.br\/site\/wp-json\/wp\/v2\/media\/1187"}],"wp:attachment":[{"href":"https:\/\/institutotherapy.com.br\/site\/wp-json\/wp\/v2\/media?parent=1180"}],"wp:term":[{"taxonomy":"product_cat","embeddable":true,"href":"https:\/\/institutotherapy.com.br\/site\/wp-json\/wp\/v2\/product_cat?post=1180"},{"taxonomy":"product_tag","embeddable":true,"href":"https:\/\/institutotherapy.com.br\/site\/wp-json\/wp\/v2\/product_tag?post=1180"}],"curies":[{"name":"wp","href":"https:\/\/api.w.org\/{rel}","templated":true}]}}