{"id":1171,"date":"2022-04-04T15:37:22","date_gmt":"2022-04-04T18:37:22","guid":{"rendered":"https:\/\/institutotherapy.com.br\/site\/?post_type=product&#038;p=1171"},"modified":"2024-11-07T12:55:32","modified_gmt":"2024-11-07T15:55:32","slug":"medplus-mx-maleta","status":"publish","type":"product","link":"https:\/\/institutotherapy.com.br\/site\/product\/medplus-mx-maleta\/","title":{"rendered":"Medplus MX Maleta"},"content":{"rendered":"<h3><strong>Especifica\u00e7\u00f5es T\u00e9cnicas<\/strong><\/h3>\n<p>Dimens\u00f5es: 29 x 40 x 18cm<\/p>\n<p>Controle de g\u00e1s: controle autom\u00e1tico, por v\u00e1lvulas solen\u00f3ides<br \/>\nPeso: 8kg (com cilindro e v\u00e1lvula)<\/p>\n<p>Press\u00e3o de Oxig\u00eanio: press\u00e3o de trabalho entre 1,5 a 3,5 kgf\/cm\u00b2<br \/>\nFluxo de Oxig\u00eanio: 0,6\/Lmin (calibrado internamente). Regulagem autom\u00e1tica<\/p>\n<p>Catalisador de O3: catalisador qu\u00edmico (destrutor) que converte o oz\u00f4nio em oxig\u00eanio<br \/>\nPainel de Leitura: Digital &#8211; Display LCD<\/p>\n<p>Calibra\u00e7\u00e3o: fotom\u00e9trica<br \/>\nConcentra\u00e7\u00f5es: 5\u00b5g\/ml &#8211; 60\u00b5g\/mL<\/p>\n<p>Sensores: sensor para ativar\/desativar gera\u00e7\u00e3o de oz\u00f4nio pela detec\u00e7\u00e3o de oxig\u00eanio<br \/>\nComponentes: compat\u00edveis com a mistura oz\u00f4nio\/oxig\u00eanio<\/p>\n<p>Tens\u00e3o de Alimenta\u00e7\u00e3o: 100 a 240 V (sele\u00e7\u00e3o autom\u00e1tica)<\/p>\n","protected":false},"excerpt":{"rendered":"<p>Gerador de oz\u00f4nio integrado \u00e0 maleta. Ideal para quem precisa de mobilidade para os seus protocolos.<\/p>\n<ul>\n<li>De f\u00e1cil transporte<\/li>\n<li>Fluxo de oxig\u00eanio de 0,6L\/min<\/li>\n<li>Este modelo j\u00e1 acompanha o cilindro e a v\u00e1lvula reguladora de oxig\u00eanio.<\/li>\n<li>Capacidade do cilindro de 170L de O2 comprimidos<\/li>\n<\/ul>\n","protected":false},"featured_media":1189,"comment_status":"open","ping_status":"closed","template":"","meta":[],"product_cat":[27,26],"product_tag":[],"class_list":{"0":"post-1171","1":"product","2":"type-product","3":"status-publish","4":"has-post-thumbnail","5":"hentry","6":"product_cat-produtos","7":"product_cat-produtos-philozon","9":"entry","10":"has-media","11":"owp-thumbs-layout-horizontal","12":"owp-btn-normal","13":"owp-tabs-layout-horizontal","14":"has-no-thumbnails"},"_links":{"self":[{"href":"https:\/\/institutotherapy.com.br\/site\/wp-json\/wp\/v2\/product\/1171","targetHints":{"allow":["GET"]}}],"collection":[{"href":"https:\/\/institutotherapy.com.br\/site\/wp-json\/wp\/v2\/product"}],"about":[{"href":"https:\/\/institutotherapy.com.br\/site\/wp-json\/wp\/v2\/types\/product"}],"replies":[{"embeddable":true,"href":"https:\/\/institutotherapy.com.br\/site\/wp-json\/wp\/v2\/comments?post=1171"}],"wp:featuredmedia":[{"embeddable":true,"href":"https:\/\/institutotherapy.com.br\/site\/wp-json\/wp\/v2\/media\/1189"}],"wp:attachment":[{"href":"https:\/\/institutotherapy.com.br\/site\/wp-json\/wp\/v2\/media?parent=1171"}],"wp:term":[{"taxonomy":"product_cat","embeddable":true,"href":"https:\/\/institutotherapy.com.br\/site\/wp-json\/wp\/v2\/product_cat?post=1171"},{"taxonomy":"product_tag","embeddable":true,"href":"https:\/\/institutotherapy.com.br\/site\/wp-json\/wp\/v2\/product_tag?post=1171"}],"curies":[{"name":"wp","href":"https:\/\/api.w.org\/{rel}","templated":true}]}}