{"id":1134,"date":"2022-04-04T15:14:45","date_gmt":"2022-04-04T18:14:45","guid":{"rendered":"https:\/\/institutotherapy.com.br\/site\/?post_type=product&#038;p=1134"},"modified":"2024-11-07T12:57:38","modified_gmt":"2024-11-07T15:57:38","slug":"medplus-one","status":"publish","type":"product","link":"https:\/\/institutotherapy.com.br\/site\/product\/medplus-one\/","title":{"rendered":"Medplus One"},"content":{"rendered":"<h3><strong>Caracter\u00edsticas:<\/strong><\/h3>\n<p>Sa\u00edda de oz\u00f4nio ajust\u00e1vel pelo usu\u00e1rio de modo digital<\/p>\n<p>Display com op\u00e7\u00f5es em Portugu\u00eas, Ingl\u00eas e Espanhol<\/p>\n<p>Led com identifica\u00e7\u00e3o da fun\u00e7\u00e3o aplicada<\/p>\n<p>Concentra\u00e7\u00f5es ajust\u00e1veis digitalmente de 1 a 80\u00b5g\/mL<\/p>\n<p>Display sens\u00edvel ao toque colorido 4,3\u201d<\/p>\n<h3><\/h3>\n<h3><strong>Especifica\u00e7\u00f5es T\u00e9cnicas:<\/strong><\/h3>\n<p>Dimens\u00f5es: 26 x 32 x 17cm<\/p>\n<p>Controle de g\u00e1s: controle autom\u00e1tico, por v\u00e1lvulas solen\u00f3ides<br \/>\nPeso: 3,6kg<\/p>\n<p>Press\u00e3o de Oxig\u00eanio: 3,5 kgf\/cm\u00b2, com v\u00e1lvula reguladora de press\u00e3o fixa<\/p>\n<p>Fluxo de Oxig\u00eanio Ajust\u00e1vel: 0,2 &#8211; 0,4 &#8211; 0,6 &#8211; 0,8 &#8211; 1,0 e 1,2 L\/min<\/p>\n<p>Catalisador de O3: catalisador qu\u00edmico (destrutor) que converte o oz\u00f4nio em oxig\u00eanio<\/p>\n<p>Bomba de V\u00e1cuo: -75kPa de press\u00e3o m\u00e1xima e vaz\u00e3o m\u00e1xima de 4L\/min<\/p>\n<p>Calibra\u00e7\u00e3o: fotom\u00e9trica<\/p>\n<p>Painel de leitura e controle Display Touch Screen Colorido 4,3\u201d<\/p>\n<p>Sensores: sensor para ativar\/desativar gera\u00e7\u00e3o de oz\u00f4nio pela detec\u00e7\u00e3o de oxig\u00eanio<\/p>\n<p>Concentra\u00e7\u00f5es: 1\u00b5g\/ml &#8211; 80\u00b5g\/mL<\/p>\n<p>Tens\u00e3o de Alimenta\u00e7\u00e3o: 100 a 240 V (sele\u00e7\u00e3o autom\u00e1tica) &#8211; 50\/90Hz<\/p>\n","protected":false},"excerpt":{"rendered":"<p>O gerador mais completo da fam\u00edlia <strong>Medplus<\/strong>. Compacto, com design moderno e inovador, funcionalidades<br \/>\nin\u00e9ditas e todo o padr\u00e3o de confiabilidade e seguran\u00e7a que s\u00f3 um Philozon oferece.<\/p>\n","protected":false},"featured_media":1142,"comment_status":"open","ping_status":"closed","template":"","meta":[],"product_cat":[27,26],"product_tag":[],"class_list":{"0":"post-1134","1":"product","2":"type-product","3":"status-publish","4":"has-post-thumbnail","5":"hentry","6":"product_cat-produtos","7":"product_cat-produtos-philozon","9":"entry","10":"has-media","11":"owp-thumbs-layout-horizontal","12":"owp-btn-normal","13":"owp-tabs-layout-horizontal","14":"has-no-thumbnails"},"_links":{"self":[{"href":"https:\/\/institutotherapy.com.br\/site\/wp-json\/wp\/v2\/product\/1134","targetHints":{"allow":["GET"]}}],"collection":[{"href":"https:\/\/institutotherapy.com.br\/site\/wp-json\/wp\/v2\/product"}],"about":[{"href":"https:\/\/institutotherapy.com.br\/site\/wp-json\/wp\/v2\/types\/product"}],"replies":[{"embeddable":true,"href":"https:\/\/institutotherapy.com.br\/site\/wp-json\/wp\/v2\/comments?post=1134"}],"wp:featuredmedia":[{"embeddable":true,"href":"https:\/\/institutotherapy.com.br\/site\/wp-json\/wp\/v2\/media\/1142"}],"wp:attachment":[{"href":"https:\/\/institutotherapy.com.br\/site\/wp-json\/wp\/v2\/media?parent=1134"}],"wp:term":[{"taxonomy":"product_cat","embeddable":true,"href":"https:\/\/institutotherapy.com.br\/site\/wp-json\/wp\/v2\/product_cat?post=1134"},{"taxonomy":"product_tag","embeddable":true,"href":"https:\/\/institutotherapy.com.br\/site\/wp-json\/wp\/v2\/product_tag?post=1134"}],"curies":[{"name":"wp","href":"https:\/\/api.w.org\/{rel}","templated":true}]}}