{"id":12,"date":"2022-03-16T11:01:33","date_gmt":"2022-03-16T14:01:33","guid":{"rendered":"https:\/\/institutotherapy.com.br\/site\/?page_id=12"},"modified":"2023-12-02T17:16:23","modified_gmt":"2023-12-02T20:16:23","slug":"quem-somos","status":"publish","type":"page","link":"https:\/\/institutotherapy.com.br\/site\/quem-somos\/","title":{"rendered":"Quem somos"},"content":{"rendered":"\t\t<div data-elementor-type=\"wp-page\" data-elementor-id=\"12\" class=\"elementor elementor-12\" data-elementor-settings=\"[]\">\n\t\t\t\t\t\t\t<div class=\"elementor-section-wrap\">\n\t\t\t\t\t\t\t<section class=\"elementor-section elementor-top-section elementor-element elementor-element-959d18c elementor-section-full_width elementor-section-stretched elementor-section-height-default elementor-section-height-default\" data-id=\"959d18c\" data-element_type=\"section\" data-settings=\"{&quot;stretch_section&quot;:&quot;section-stretched&quot;,&quot;background_background&quot;:&quot;classic&quot;}\">\n\t\t\t\t\t\t<div class=\"elementor-container elementor-column-gap-no\">\n\t\t\t\t\t<div class=\"elementor-column elementor-col-100 elementor-top-column elementor-element elementor-element-2c508fd\" data-id=\"2c508fd\" data-element_type=\"column\">\n\t\t\t<div class=\"elementor-widget-wrap elementor-element-populated\">\n\t\t\t\t\t\t\t\t<div class=\"elementor-element elementor-element-d4aabc6 elementor-widget elementor-widget-spacer\" data-id=\"d4aabc6\" data-element_type=\"widget\" data-widget_type=\"spacer.default\">\n\t\t\t\t<div class=\"elementor-widget-container\">\n\t\t\t\t\t<div class=\"elementor-spacer\">\n\t\t\t<div class=\"elementor-spacer-inner\"><\/div>\n\t\t<\/div>\n\t\t\t\t<\/div>\n\t\t\t\t<\/div>\n\t\t\t\t\t<\/div>\n\t\t<\/div>\n\t\t\t\t\t\t\t<\/div>\n\t\t<\/section>\n\t\t\t\t<section class=\"elementor-section elementor-top-section elementor-element elementor-element-318276e7 elementor-section-boxed elementor-section-height-default elementor-section-height-default\" data-id=\"318276e7\" data-element_type=\"section\">\n\t\t\t\t\t\t<div class=\"elementor-container elementor-column-gap-default\">\n\t\t\t\t\t<div class=\"elementor-column elementor-col-50 elementor-top-column elementor-element elementor-element-450016dd\" data-id=\"450016dd\" data-element_type=\"column\">\n\t\t\t<div class=\"elementor-widget-wrap elementor-element-populated\">\n\t\t\t\t\t\t\t\t<div class=\"elementor-element elementor-element-f96bb97 elementor-widget elementor-widget-heading\" data-id=\"f96bb97\" data-element_type=\"widget\" data-widget_type=\"heading.default\">\n\t\t\t\t<div class=\"elementor-widget-container\">\n\t\t\t<style>\/*! elementor - v3.5.4 - 23-01-2022 *\/\n.elementor-heading-title{padding:0;margin:0;line-height:1}.elementor-widget-heading .elementor-heading-title[class*=elementor-size-]>a{color:inherit;font-size:inherit;line-height:inherit}.elementor-widget-heading .elementor-heading-title.elementor-size-small{font-size:15px}.elementor-widget-heading .elementor-heading-title.elementor-size-medium{font-size:19px}.elementor-widget-heading .elementor-heading-title.elementor-size-large{font-size:29px}.elementor-widget-heading .elementor-heading-title.elementor-size-xl{font-size:39px}.elementor-widget-heading .elementor-heading-title.elementor-size-xxl{font-size:59px}<\/style><h2 class=\"elementor-heading-title elementor-size-default\">Quem somos<\/h2>\t\t<\/div>\n\t\t\t\t<\/div>\n\t\t\t\t<div class=\"elementor-element elementor-element-7ce49328 elementor-widget elementor-widget-text-editor\" data-id=\"7ce49328\" data-element_type=\"widget\" data-widget_type=\"text-editor.default\">\n\t\t\t\t<div class=\"elementor-widget-container\">\n\t\t\t<style>\/*! elementor - v3.5.4 - 23-01-2022 *\/\n.elementor-widget-text-editor.elementor-drop-cap-view-stacked .elementor-drop-cap{background-color:#818a91;color:#fff}.elementor-widget-text-editor.elementor-drop-cap-view-framed .elementor-drop-cap{color:#818a91;border:3px solid;background-color:transparent}.elementor-widget-text-editor:not(.elementor-drop-cap-view-default) .elementor-drop-cap{margin-top:8px}.elementor-widget-text-editor:not(.elementor-drop-cap-view-default) .elementor-drop-cap-letter{width:1em;height:1em}.elementor-widget-text-editor .elementor-drop-cap{float:left;text-align:center;line-height:1;font-size:50px}.elementor-widget-text-editor .elementor-drop-cap-letter{display:inline-block}<\/style>\t\t\t\t<p>H\u00e1 uma longa caminhada que\u00a0come\u00e7a em 2007, quando sa\u00ed de Pernambuco e vim para o Maranh\u00e3o como uma representante de f\u00e1brica da DMC Equipamentos. Ap\u00f3s 10 anos, deixei de ser representante e me tornei revenda de f\u00e1brica. Foi a partir daqui que tomei a decis\u00e3o de abrir um Instituto de Ensino para contribuir nas \u00e1reas da sa\u00fade, com o intuito de capacitar profissionais e tamb\u00e9m continuar vendendo equipamentos.<br aria-hidden=\"true\" \/><br aria-hidden=\"true\" \/>Na ocasi\u00e3o, pedi a Deus em ora\u00e7\u00e3o que me mostrasse como o projeto deveria se chamar e, assim, Deus me mostrou as cores do arco-\u00edris e nela recebi a palavra que est\u00e1 em G\u00eanesis 9: 12, 13: &#8220;E Deus prosseguiu: este \u00e9 o sinal da alian\u00e7a que estou fazendo entre mim e voc\u00eas e com todos os seres vivos que est\u00e3o com voc\u00eas, para todas as gera\u00e7\u00f5es futuras. O meu arco que coloquei nas nuvens ser\u00e1 o sinal da alian\u00e7a com a terra.&#8221; E \u00e9 da\u00ed que surge o Instituto Therapy e com ele a imagem do arco-\u00edris que simboliza a alian\u00e7a que tenho em Deus.<br aria-hidden=\"true\" \/><br aria-hidden=\"true\" \/>No dia 17 de setembro de 2021 inauguramos como revenda e parceira de grandes ind\u00fastrias na \u00e1rea da sa\u00fade com o prop\u00f3sito de tornar capazes os nossos alunos e contribuir com a transforma\u00e7\u00e3o dos seus sonhos em realidade, buscando a \u00e9tica, os valores e os princ\u00edpios com qualidade.<\/p><div><div><strong>Katarina Scaglioni<\/strong><\/div><\/div>\t\t\t\t\t\t<\/div>\n\t\t\t\t<\/div>\n\t\t\t\t<div class=\"elementor-element elementor-element-751070a elementor-hidden-desktop elementor-hidden-tablet elementor-widget elementor-widget-image\" data-id=\"751070a\" data-element_type=\"widget\" data-widget_type=\"image.default\">\n\t\t\t\t<div class=\"elementor-widget-container\">\n\t\t\t<style>\/*! elementor - v3.5.4 - 23-01-2022 *\/\n.elementor-widget-image{text-align:center}.elementor-widget-image a{display:inline-block}.elementor-widget-image a img[src$=\".svg\"]{width:48px}.elementor-widget-image img{vertical-align:middle;display:inline-block}<\/style>\t\t\t\t\t\t\t\t\t\t\t\t<img loading=\"lazy\" decoding=\"async\" width=\"968\" height=\"1024\" src=\"https:\/\/institutotherapy.com.br\/site\/wp-content\/uploads\/2022\/08\/katarina-1-968x1024.png\" class=\"attachment-large size-large\" alt=\"\" srcset=\"https:\/\/institutotherapy.com.br\/site\/wp-content\/uploads\/2022\/08\/katarina-1-968x1024.png 968w, https:\/\/institutotherapy.com.br\/site\/wp-content\/uploads\/2022\/08\/katarina-1-283x300.png 283w, https:\/\/institutotherapy.com.br\/site\/wp-content\/uploads\/2022\/08\/katarina-1-768x813.png 768w, https:\/\/institutotherapy.com.br\/site\/wp-content\/uploads\/2022\/08\/katarina-1-600x635.png 600w, https:\/\/institutotherapy.com.br\/site\/wp-content\/uploads\/2022\/08\/katarina-1.png 1028w\" sizes=\"auto, (max-width: 968px) 100vw, 968px\" \/>\t\t\t\t\t\t\t\t\t\t\t\t\t\t\t<\/div>\n\t\t\t\t<\/div>\n\t\t\t\t\t<\/div>\n\t\t<\/div>\n\t\t\t\t<div class=\"elementor-column elementor-col-50 elementor-top-column elementor-element elementor-element-e82a2af\" data-id=\"e82a2af\" data-element_type=\"column\">\n\t\t\t<div class=\"elementor-widget-wrap elementor-element-populated\">\n\t\t\t\t\t\t\t\t<div class=\"elementor-element elementor-element-e90c1fd elementor-hidden-mobile elementor-widget elementor-widget-image\" data-id=\"e90c1fd\" data-element_type=\"widget\" data-widget_type=\"image.default\">\n\t\t\t\t<div class=\"elementor-widget-container\">\n\t\t\t\t\t\t\t\t\t\t\t\t\t\t\t<img loading=\"lazy\" decoding=\"async\" width=\"958\" height=\"1024\" src=\"https:\/\/institutotherapy.com.br\/site\/wp-content\/uploads\/2023\/07\/foto_katarina-e1689081193419-958x1024.jpg\" class=\"attachment-large size-large\" alt=\"\" srcset=\"https:\/\/institutotherapy.com.br\/site\/wp-content\/uploads\/2023\/07\/foto_katarina-e1689081193419-958x1024.jpg 958w, https:\/\/institutotherapy.com.br\/site\/wp-content\/uploads\/2023\/07\/foto_katarina-e1689081193419-281x300.jpg 281w, https:\/\/institutotherapy.com.br\/site\/wp-content\/uploads\/2023\/07\/foto_katarina-e1689081193419-768x821.jpg 768w, https:\/\/institutotherapy.com.br\/site\/wp-content\/uploads\/2023\/07\/foto_katarina-e1689081193419-600x641.jpg 600w, https:\/\/institutotherapy.com.br\/site\/wp-content\/uploads\/2023\/07\/foto_katarina-e1689081193419.jpg 972w\" sizes=\"auto, (max-width: 958px) 100vw, 958px\" \/>\t\t\t\t\t\t\t\t\t\t\t\t\t\t\t<\/div>\n\t\t\t\t<\/div>\n\t\t\t\t\t<\/div>\n\t\t<\/div>\n\t\t\t\t\t\t\t<\/div>\n\t\t<\/section>\n\t\t\t\t\t\t<\/div>\n\t\t\t\t\t<\/div>\n\t\t","protected":false},"excerpt":{"rendered":"<p>Quem somos H\u00e1 uma longa caminhada que\u00a0come\u00e7a em 2007, quando sa\u00ed de Pernambuco e vim para o Maranh\u00e3o como uma [&hellip;]<\/p>\n","protected":false},"author":1,"featured_media":0,"parent":0,"menu_order":0,"comment_status":"closed","ping_status":"closed","template":"","meta":{"footnotes":""},"class_list":["post-12","page","type-page","status-publish","hentry","entry","owp-thumbs-layout-horizontal","owp-btn-normal","owp-tabs-layout-horizontal","has-no-thumbnails"],"_links":{"self":[{"href":"https:\/\/institutotherapy.com.br\/site\/wp-json\/wp\/v2\/pages\/12","targetHints":{"allow":["GET"]}}],"collection":[{"href":"https:\/\/institutotherapy.com.br\/site\/wp-json\/wp\/v2\/pages"}],"about":[{"href":"https:\/\/institutotherapy.com.br\/site\/wp-json\/wp\/v2\/types\/page"}],"author":[{"embeddable":true,"href":"https:\/\/institutotherapy.com.br\/site\/wp-json\/wp\/v2\/users\/1"}],"replies":[{"embeddable":true,"href":"https:\/\/institutotherapy.com.br\/site\/wp-json\/wp\/v2\/comments?post=12"}],"version-history":[{"count":80,"href":"https:\/\/institutotherapy.com.br\/site\/wp-json\/wp\/v2\/pages\/12\/revisions"}],"predecessor-version":[{"id":2502,"href":"https:\/\/institutotherapy.com.br\/site\/wp-json\/wp\/v2\/pages\/12\/revisions\/2502"}],"wp:attachment":[{"href":"https:\/\/institutotherapy.com.br\/site\/wp-json\/wp\/v2\/media?parent=12"}],"curies":[{"name":"wp","href":"https:\/\/api.w.org\/{rel}","templated":true}]}}